{"id":2006,"date":"2018-11-27T09:17:42","date_gmt":"2018-11-27T09:17:42","guid":{"rendered":"https:\/\/idline.hr\/index.php\/projects\/"},"modified":"2024-07-07T17:03:29","modified_gmt":"2024-07-07T17:03:29","slug":"blog","status":"publish","type":"page","link":"https:\/\/idline.hr\/index.php\/blog\/","title":{"rendered":"Blog"},"content":{"rendered":"\t\t<div data-elementor-type=\"wp-post\" data-elementor-id=\"2006\" class=\"elementor elementor-2006\">\n\t\t\t\t<div class=\"elementor-element elementor-element-36e4911 e-flex e-con-boxed e-con e-parent\" data-id=\"36e4911\" data-element_type=\"container\" data-e-type=\"container\" data-settings=\"{&quot;background_background&quot;:&quot;classic&quot;}\">\n\t\t\t\t\t<div class=\"e-con-inner\">\n\t\t<div class=\"elementor-element elementor-element-8d332cf e-con-full e-flex e-con e-child\" data-id=\"8d332cf\" data-element_type=\"container\" data-e-type=\"container\">\n\t\t\t\t<div class=\"elementor-element elementor-element-4bf79de elementor-widget elementor-widget-heading\" data-id=\"4bf79de\" data-element_type=\"widget\" data-e-type=\"widget\" data-widget_type=\"heading.default\">\n\t\t\t\t<div class=\"elementor-widget-container\">\n\t\t\t\t\t<h1 class=\"elementor-heading-title elementor-size-default\">BLOG<\/h1>\t\t\t\t<\/div>\n\t\t\t\t<\/div>\n\t\t\t\t<\/div>\n\t\t\t\t\t<\/div>\n\t\t\t\t<\/div>\n\t\t<div class=\"elementor-element elementor-element-879c88c e-con-full e-flex e-con e-parent\" data-id=\"879c88c\" data-element_type=\"container\" data-e-type=\"container\">\n\t\t\t\t<div class=\"elementor-element elementor-element-17d38a4 elementor-grid-4 elementor-grid-tablet-2 elementor-grid-mobile-1 elementor-widget elementor-widget-elementor-blog-posts\" data-id=\"17d38a4\" data-element_type=\"widget\" data-e-type=\"widget\" data-settings=\"{&quot;columns&quot;:&quot;4&quot;,&quot;columns_tablet&quot;:&quot;2&quot;,&quot;columns_mobile&quot;:&quot;1&quot;}\" data-widget_type=\"elementor-blog-posts.default\">\n\t\t\t\t<div class=\"elementor-widget-container\">\n\t\t\t\t\t\t\t<div class=\"wpcap-grid\">\n\t\t\t\t\t\t<div class=\"wpcap-grid-container elementor-grid wpcap-grid-desktop-4 wpcap-grid-tablet-2 wpcap-grid-mobile-1\">\n\n\t\t\t\t\n        <article id=\"post-2522\" class=\"wpcap-post post-2522 post type-post status-publish format-standard has-post-thumbnail hentry category-uncategorized\">\n         \n            <div class=\"post-grid-inner\">\n            \t\n            \t\t\t\t<div class=\"post-grid-thumbnail\">\n\t\t\t\t<a href=\"https:\/\/idline.hr\/index.php\/2024\/07\/02\/sem-marketing\/\">\n\t\t\t\t\t<img fetchpriority=\"high\" decoding=\"async\" width=\"768\" height=\"510\" src=\"https:\/\/idline.hr\/wp-content\/uploads\/2024\/06\/pexels-photo-267414-267414-768x510.jpg\" class=\"attachment-medium_large size-medium_large wp-post-image\" alt=\"pexels-photo-267414-267414.jpg\" srcset=\"https:\/\/idline.hr\/wp-content\/uploads\/2024\/06\/pexels-photo-267414-267414-768x510.jpg 768w, https:\/\/idline.hr\/wp-content\/uploads\/2024\/06\/pexels-photo-267414-267414-300x199.jpg 300w, https:\/\/idline.hr\/wp-content\/uploads\/2024\/06\/pexels-photo-267414-267414-1024x680.jpg 1024w, https:\/\/idline.hr\/wp-content\/uploads\/2024\/06\/pexels-photo-267414-267414.jpg 1280w\" sizes=\"(max-width: 768px) 100vw, 768px\" \/>\t\t\t\t<\/a>\n\t\t\t<\/div>\n        \n                <div class=\"post-grid-text-wrap\">\n               \t\t\t\t<h3 class=\"title\">\n\t\t\t<a href=\"https:\/\/idline.hr\/index.php\/2024\/07\/02\/sem-marketing\/\">SEM marketing<\/a>\n\t\t<\/h3>\n\t\t\t                \t\t<div class=\"post-grid-meta\">\n\t\t\t\n\t\t\t\t<span class=\"post-author\">admin<\/span>\n\n\t\t\t\t\n\t\t\t\t<span class=\"post-date\"><time datetime=\"2024-07-02T16:15:53+00:00\">02\/07\/2024<\/time><\/span>\n\n\t\t\t\t\t\t<\/div>\n\t\t\t                \t\t<div class=\"post-grid-excerpt\">\n\t\t\t<p>SEM (engl. Search Engine Marketing) marketing je vrsta ogla\u0161avanja koje se provodi putem pla\u0107enih oglasa na internetskim stranicama. To je forma on line marketinga koja promovira ogla\u0161iva\u010da kroz poja\u010danu vidljivost na internetskim stranicama. \u0160iri je pojam od SEO, optimizacije za tra\u017eilice za razliku od PPC, \u0161to je pla\u0107ena metoda.<\/p>\n\t\t<\/div>\n\t\t\t                \t\t<a class=\"read-more-btn\" href=\"https:\/\/idline.hr\/index.php\/2024\/07\/02\/sem-marketing\/\">Pro\u010ditajte vi\u0161e \u00bb<\/a>\n\t\t                <\/div>\n\n            <\/div><!-- .blog-inner -->\n           \n        <\/article>\n\n        \n        <article id=\"post-2507\" class=\"wpcap-post post-2507 post type-post status-publish format-standard has-post-thumbnail hentry category-uncategorized\">\n         \n            <div class=\"post-grid-inner\">\n            \t\n            \t\t\t\t<div class=\"post-grid-thumbnail\">\n\t\t\t\t<a href=\"https:\/\/idline.hr\/index.php\/2024\/05\/28\/kako-iskoristiti-veliki-potencijal-malenog-znaka\/\">\n\t\t\t\t\t<img decoding=\"async\" width=\"768\" height=\"576\" src=\"https:\/\/idline.hr\/wp-content\/uploads\/2024\/05\/analytics-hash-tag-hash-2998837-768x576.jpg\" class=\"attachment-medium_large size-medium_large wp-post-image\" alt=\"analytics, hash tag, hash-2998837.jpg\" srcset=\"https:\/\/idline.hr\/wp-content\/uploads\/2024\/05\/analytics-hash-tag-hash-2998837-768x576.jpg 768w, https:\/\/idline.hr\/wp-content\/uploads\/2024\/05\/analytics-hash-tag-hash-2998837-300x225.jpg 300w, https:\/\/idline.hr\/wp-content\/uploads\/2024\/05\/analytics-hash-tag-hash-2998837-1024x768.jpg 1024w, https:\/\/idline.hr\/wp-content\/uploads\/2024\/05\/analytics-hash-tag-hash-2998837.jpg 1280w\" sizes=\"(max-width: 768px) 100vw, 768px\" \/>\t\t\t\t<\/a>\n\t\t\t<\/div>\n        \n                <div class=\"post-grid-text-wrap\">\n               \t\t\t\t<h3 class=\"title\">\n\t\t\t<a href=\"https:\/\/idline.hr\/index.php\/2024\/05\/28\/kako-iskoristiti-veliki-potencijal-malenog-znaka\/\">Kako iskoristiti veliki potencijal malenog znaka?<\/a>\n\t\t<\/h3>\n\t\t\t                \t\t<div class=\"post-grid-meta\">\n\t\t\t\n\t\t\t\t<span class=\"post-author\">admin<\/span>\n\n\t\t\t\t\n\t\t\t\t<span class=\"post-date\"><time datetime=\"2024-05-28T15:33:51+00:00\">28\/05\/2024<\/time><\/span>\n\n\t\t\t\t\t\t<\/div>\n\t\t\t                \t\t<div class=\"post-grid-excerpt\">\n\t\t\t<p>Naravno, rije\u010d je o hashtagu. U digitalnom marketingu, on je veoma va\u017ean za indeksiranje va\u0161eg digitalnog sadr\u017eaja. Iako neki stru\u010dnjaci ka\u017eu kako je ta metoda odavno zastarila, ipak neke uspje\u0161ne kampanje su poznate upravo po zvu\u010dnim hashtagovima. Hashtag je najkra\u0107e re\u010deno &#8211; klju\u010dna rije\u010d ili fraza koja slu\u017ei kako bi lak\u0161e pozicionirali svoj sadr\u017eaj objavljen na dru\u0161tvenim mre\u017eama. Kreira se tako da se ispred klju\u010dne rije\u010di ili fraze doda znak #.<\/p>\n\t\t<\/div>\n\t\t\t                \t\t<a class=\"read-more-btn\" href=\"https:\/\/idline.hr\/index.php\/2024\/05\/28\/kako-iskoristiti-veliki-potencijal-malenog-znaka\/\">Pro\u010ditajte vi\u0161e \u00bb<\/a>\n\t\t                <\/div>\n\n            <\/div><!-- .blog-inner -->\n           \n        <\/article>\n\n        \n        <article id=\"post-2494\" class=\"wpcap-post post-2494 post type-post status-publish format-standard has-post-thumbnail hentry category-uncategorized\">\n         \n            <div class=\"post-grid-inner\">\n            \t\n            \t\t\t\t<div class=\"post-grid-thumbnail\">\n\t\t\t\t<a href=\"https:\/\/idline.hr\/index.php\/2024\/04\/26\/zasto-je-linkedin-vazan-za-vas-marketing\/\">\n\t\t\t\t\t<img decoding=\"async\" width=\"768\" height=\"512\" src=\"https:\/\/idline.hr\/wp-content\/uploads\/2024\/04\/social-media-facebook-twitter-1795578-768x512.jpg\" class=\"attachment-medium_large size-medium_large wp-post-image\" alt=\"social media, facebook, twitter-1795578.jpg\" srcset=\"https:\/\/idline.hr\/wp-content\/uploads\/2024\/04\/social-media-facebook-twitter-1795578-768x512.jpg 768w, https:\/\/idline.hr\/wp-content\/uploads\/2024\/04\/social-media-facebook-twitter-1795578-300x200.jpg 300w, https:\/\/idline.hr\/wp-content\/uploads\/2024\/04\/social-media-facebook-twitter-1795578-1024x682.jpg 1024w, https:\/\/idline.hr\/wp-content\/uploads\/2024\/04\/social-media-facebook-twitter-1795578.jpg 1280w\" sizes=\"(max-width: 768px) 100vw, 768px\" \/>\t\t\t\t<\/a>\n\t\t\t<\/div>\n        \n                <div class=\"post-grid-text-wrap\">\n               \t\t\t\t<h3 class=\"title\">\n\t\t\t<a href=\"https:\/\/idline.hr\/index.php\/2024\/04\/26\/zasto-je-linkedin-vazan-za-vas-marketing\/\">Za\u0161to je LinkedIn va\u017ean za va\u0161 marketing?<\/a>\n\t\t<\/h3>\n\t\t\t                \t\t<div class=\"post-grid-meta\">\n\t\t\t\n\t\t\t\t<span class=\"post-author\">admin<\/span>\n\n\t\t\t\t\n\t\t\t\t<span class=\"post-date\"><time datetime=\"2024-04-26T10:44:13+00:00\">26\/04\/2024<\/time><\/span>\n\n\t\t\t\t\t\t<\/div>\n\t\t\t                \t\t<div class=\"post-grid-excerpt\">\n\t\t\t<p>LinkedIn nije dru\u0161tvena mre\u017ea koja ima najve\u0107i broj pratitelja, ali je ipak najbolja poslovna mre\u017ea gdje se mo\u017eete povezati sa svojim potencijalnim klijentima, suradnicima i partnerima, ma kako god nekoga zvali. Sve \u010de\u0161\u0107e se kritizira da postaje mjesto za samoreklamu i &#8220;prazne&#8221; pri\u010de. No, ako pogledate bolje, mogu\u0107nosti koje ta mre\u017ea nudi su mnogobrojne, zato \u0107emo vam u nastavku nabrojati razloge zbog kojih biste trebali otvoriti profil na ovoj mre\u017ei. <\/p>\n\t\t<\/div>\n\t\t\t                \t\t<a class=\"read-more-btn\" href=\"https:\/\/idline.hr\/index.php\/2024\/04\/26\/zasto-je-linkedin-vazan-za-vas-marketing\/\">Pro\u010ditajte vi\u0161e \u00bb<\/a>\n\t\t                <\/div>\n\n            <\/div><!-- .blog-inner -->\n           \n        <\/article>\n\n        \n        <article id=\"post-2465\" class=\"wpcap-post post-2465 post type-post status-publish format-standard has-post-thumbnail hentry category-uncategorized\">\n         \n            <div class=\"post-grid-inner\">\n            \t\n            \t\t\t\t<div class=\"post-grid-thumbnail\">\n\t\t\t\t<a href=\"https:\/\/idline.hr\/index.php\/2024\/03\/20\/zasto-nam-je-svima-toliko-potreban-inbound-marketing\/\">\n\t\t\t\t\t<img loading=\"lazy\" decoding=\"async\" width=\"768\" height=\"510\" src=\"https:\/\/idline.hr\/wp-content\/uploads\/2023\/11\/ipad-google-seo-605440-768x510.jpg\" class=\"attachment-medium_large size-medium_large wp-post-image\" alt=\"ipad, google, seo-605440.jpg\" srcset=\"https:\/\/idline.hr\/wp-content\/uploads\/2023\/11\/ipad-google-seo-605440-768x510.jpg 768w, https:\/\/idline.hr\/wp-content\/uploads\/2023\/11\/ipad-google-seo-605440-300x199.jpg 300w, https:\/\/idline.hr\/wp-content\/uploads\/2023\/11\/ipad-google-seo-605440-1024x680.jpg 1024w, https:\/\/idline.hr\/wp-content\/uploads\/2023\/11\/ipad-google-seo-605440.jpg 1280w\" sizes=\"(max-width: 768px) 100vw, 768px\" \/>\t\t\t\t<\/a>\n\t\t\t<\/div>\n        \n                <div class=\"post-grid-text-wrap\">\n               \t\t\t\t<h3 class=\"title\">\n\t\t\t<a href=\"https:\/\/idline.hr\/index.php\/2024\/03\/20\/zasto-nam-je-svima-toliko-potreban-inbound-marketing\/\">Za\u0161to nam je svima toliko potreban INBOUND marketing?<\/a>\n\t\t<\/h3>\n\t\t\t                \t\t<div class=\"post-grid-meta\">\n\t\t\t\n\t\t\t\t<span class=\"post-author\">admin<\/span>\n\n\t\t\t\t\n\t\t\t\t<span class=\"post-date\"><time datetime=\"2024-03-20T15:56:57+00:00\">20\/03\/2024<\/time><\/span>\n\n\t\t\t\t\t\t<\/div>\n\t\t\t                \t\t<div class=\"post-grid-excerpt\">\n\t\t\t<p>U dana\u0161njem u\u017eurbanom svijetu, gdje smo zaokupljeni s puno informacija, \u010desto nailazimo na tzv. outband marketimg. Sigurno vam se dogodilo da slu\u0161ate svoju omiljenu glazbu ili gledate kakav dobar film, kada vam najednom te trenutke opu\u0161tanja prekinu mnogobrojne reklame koje govore o \u010dudotvornim proizvodima koji rje\u0161avaju va\u0161e probleme &#8220;odmah i sada&#8221;. U najve\u0107em broju slu\u010dajeva, mijenjate program ili odjednom izgubite volju za preslu\u0161avanjem va\u0161e omiljene stanice.<\/p>\n\t\t<\/div>\n\t\t\t                \t\t<a class=\"read-more-btn\" href=\"https:\/\/idline.hr\/index.php\/2024\/03\/20\/zasto-nam-je-svima-toliko-potreban-inbound-marketing\/\">Pro\u010ditajte vi\u0161e \u00bb<\/a>\n\t\t                <\/div>\n\n            <\/div><!-- .blog-inner -->\n           \n        <\/article>\n\n        \n\t\t\t<\/div>\n\t\t<\/div>\n\t\t\t\t\t\t<\/div>\n\t\t\t\t<\/div>\n\t\t\t\t<\/div>\n\t\t\t\t<\/div>\n\t\t","protected":false},"excerpt":{"rendered":"<p>BLOG SEM marketing admin 02\/07\/2024 SEM (engl. Search Engine Marketing) marketing je vrsta ogla\u0161avanja koje se provodi putem pla\u0107enih oglasa na internetskim stranicama. To je forma on line marketinga koja promovira ogla\u0161iva\u010da kroz poja\u010danu vidljivost na internetskim stranicama. \u0160iri je pojam od SEO, optimizacije za tra\u017eilice za razliku od PPC, \u0161to je pla\u0107ena metoda. Pro\u010ditajte [&hellip;]<\/p>\n","protected":false},"author":1,"featured_media":0,"parent":0,"menu_order":0,"comment_status":"closed","ping_status":"closed","template":"","meta":{"_uag_custom_page_level_css":"","site-sidebar-layout":"no-sidebar","site-content-layout":"page-builder","ast-site-content-layout":"full-width-container","site-content-style":"unboxed","site-sidebar-style":"unboxed","ast-global-header-display":"","ast-banner-title-visibility":"","ast-main-header-display":"","ast-hfb-above-header-display":"","ast-hfb-below-header-display":"","ast-hfb-mobile-header-display":"","site-post-title":"disabled","ast-breadcrumbs-content":"","ast-featured-img":"disabled","footer-sml-layout":"","ast-disable-related-posts":"","theme-transparent-header-meta":"enabled","adv-header-id-meta":"","stick-header-meta":"","header-above-stick-meta":"","header-main-stick-meta":"","header-below-stick-meta":"","astra-migrate-meta-layouts":"set","ast-page-background-enabled":"default","ast-page-background-meta":{"desktop":{"background-color":"","background-image":"","background-repeat":"repeat","background-position":"center center","background-size":"auto","background-attachment":"scroll","background-type":"","background-media":"","overlay-type":"","overlay-color":"","overlay-opacity":"","overlay-gradient":""},"tablet":{"background-color":"","background-image":"","background-repeat":"repeat","background-position":"center center","background-size":"auto","background-attachment":"scroll","background-type":"","background-media":"","overlay-type":"","overlay-color":"","overlay-opacity":"","overlay-gradient":""},"mobile":{"background-color":"","background-image":"","background-repeat":"repeat","background-position":"center center","background-size":"auto","background-attachment":"scroll","background-type":"","background-media":"","overlay-type":"","overlay-color":"","overlay-opacity":"","overlay-gradient":""}},"ast-content-background-meta":{"desktop":{"background-color":"var(--ast-global-color-5)","background-image":"","background-repeat":"repeat","background-position":"center center","background-size":"auto","background-attachment":"scroll","background-type":"","background-media":"","overlay-type":"","overlay-color":"","overlay-opacity":"","overlay-gradient":""},"tablet":{"background-color":"var(--ast-global-color-5)","background-image":"","background-repeat":"repeat","background-position":"center center","background-size":"auto","background-attachment":"scroll","background-type":"","background-media":"","overlay-type":"","overlay-color":"","overlay-opacity":"","overlay-gradient":""},"mobile":{"background-color":"var(--ast-global-color-5)","background-image":"","background-repeat":"repeat","background-position":"center center","background-size":"auto","background-attachment":"scroll","background-type":"","background-media":"","overlay-type":"","overlay-color":"","overlay-opacity":"","overlay-gradient":""}},"footnotes":""},"class_list":["post-2006","page","type-page","status-publish","hentry"],"yoast_head":"<!-- This site is optimized with the Yoast SEO plugin v27.3 - https:\/\/yoast.com\/product\/yoast-seo-wordpress\/ -->\n<title>Blog - ID line<\/title>\n<meta name=\"description\" content=\"Pratite na\u0161 blog. Donosimo vam stru\u010dne \u010dlanke koji va\u0161u avanturu digitalnog marketinga olak\u0161avaju na pristupa\u010dan na\u010din.\" \/>\n<meta name=\"robots\" content=\"index, follow, max-snippet:-1, max-image-preview:large, max-video-preview:-1\" \/>\n<link rel=\"canonical\" href=\"https:\/\/idline.hr\/index.php\/blog\/\" \/>\n<meta property=\"og:locale\" content=\"hr_HR\" \/>\n<meta property=\"og:type\" content=\"article\" \/>\n<meta property=\"og:title\" content=\"Blog - ID line\" \/>\n<meta property=\"og:description\" content=\"Pratite na\u0161 blog. Donosimo vam stru\u010dne \u010dlanke koji va\u0161u avanturu digitalnog marketinga olak\u0161avaju na pristupa\u010dan na\u010din.\" \/>\n<meta property=\"og:url\" content=\"https:\/\/idline.hr\/index.php\/blog\/\" \/>\n<meta property=\"og:site_name\" content=\"ID line\" \/>\n<meta property=\"article:modified_time\" content=\"2024-07-07T17:03:29+00:00\" \/>\n<meta property=\"og:image\" content=\"https:\/\/idline.hr\/wp-content\/uploads\/2024\/06\/pexels-photo-267414-267414-768x510.jpg\" \/>\n<meta name=\"twitter:card\" content=\"summary_large_image\" \/>\n<meta name=\"twitter:label1\" content=\"Procijenjeno vrijeme \u010ditanja\" \/>\n\t<meta name=\"twitter:data1\" content=\"3 minute\" \/>\n<script type=\"application\/ld+json\" class=\"yoast-schema-graph\">{\"@context\":\"https:\\\/\\\/schema.org\",\"@graph\":[{\"@type\":\"WebPage\",\"@id\":\"https:\\\/\\\/idline.hr\\\/index.php\\\/blog\\\/\",\"url\":\"https:\\\/\\\/idline.hr\\\/index.php\\\/blog\\\/\",\"name\":\"Blog - ID line\",\"isPartOf\":{\"@id\":\"https:\\\/\\\/idline.hr\\\/#website\"},\"primaryImageOfPage\":{\"@id\":\"https:\\\/\\\/idline.hr\\\/index.php\\\/blog\\\/#primaryimage\"},\"image\":{\"@id\":\"https:\\\/\\\/idline.hr\\\/index.php\\\/blog\\\/#primaryimage\"},\"thumbnailUrl\":\"https:\\\/\\\/idline.hr\\\/wp-content\\\/uploads\\\/2024\\\/06\\\/pexels-photo-267414-267414-768x510.jpg\",\"datePublished\":\"2018-11-27T09:17:42+00:00\",\"dateModified\":\"2024-07-07T17:03:29+00:00\",\"description\":\"Pratite na\u0161 blog. Donosimo vam stru\u010dne \u010dlanke koji va\u0161u avanturu digitalnog marketinga olak\u0161avaju na pristupa\u010dan na\u010din.\",\"breadcrumb\":{\"@id\":\"https:\\\/\\\/idline.hr\\\/index.php\\\/blog\\\/#breadcrumb\"},\"inLanguage\":\"hr\",\"potentialAction\":[{\"@type\":\"ReadAction\",\"target\":[\"https:\\\/\\\/idline.hr\\\/index.php\\\/blog\\\/\"]}]},{\"@type\":\"ImageObject\",\"inLanguage\":\"hr\",\"@id\":\"https:\\\/\\\/idline.hr\\\/index.php\\\/blog\\\/#primaryimage\",\"url\":\"https:\\\/\\\/idline.hr\\\/wp-content\\\/uploads\\\/2024\\\/06\\\/pexels-photo-267414-267414.jpg\",\"contentUrl\":\"https:\\\/\\\/idline.hr\\\/wp-content\\\/uploads\\\/2024\\\/06\\\/pexels-photo-267414-267414.jpg\",\"width\":1280,\"height\":850,\"caption\":\"pexels-photo-267414-267414.jpg\"},{\"@type\":\"BreadcrumbList\",\"@id\":\"https:\\\/\\\/idline.hr\\\/index.php\\\/blog\\\/#breadcrumb\",\"itemListElement\":[{\"@type\":\"ListItem\",\"position\":1,\"name\":\"Po\u010detna stranica\",\"item\":\"https:\\\/\\\/idline.hr\\\/\"},{\"@type\":\"ListItem\",\"position\":2,\"name\":\"Blog\"}]},{\"@type\":\"WebSite\",\"@id\":\"https:\\\/\\\/idline.hr\\\/#website\",\"url\":\"https:\\\/\\\/idline.hr\\\/\",\"name\":\"ID line\",\"description\":\"ID line\",\"publisher\":{\"@id\":\"https:\\\/\\\/idline.hr\\\/#organization\"},\"potentialAction\":[{\"@type\":\"SearchAction\",\"target\":{\"@type\":\"EntryPoint\",\"urlTemplate\":\"https:\\\/\\\/idline.hr\\\/?s={search_term_string}\"},\"query-input\":{\"@type\":\"PropertyValueSpecification\",\"valueRequired\":true,\"valueName\":\"search_term_string\"}}],\"inLanguage\":\"hr\"},{\"@type\":\"Organization\",\"@id\":\"https:\\\/\\\/idline.hr\\\/#organization\",\"name\":\"ID line\",\"url\":\"https:\\\/\\\/idline.hr\\\/\",\"logo\":{\"@type\":\"ImageObject\",\"inLanguage\":\"hr\",\"@id\":\"https:\\\/\\\/idline.hr\\\/#\\\/schema\\\/logo\\\/image\\\/\",\"url\":\"https:\\\/\\\/idline.hr\\\/wp-content\\\/uploads\\\/2023\\\/11\\\/IVANA.png\",\"contentUrl\":\"https:\\\/\\\/idline.hr\\\/wp-content\\\/uploads\\\/2023\\\/11\\\/IVANA.png\",\"width\":500,\"height\":500,\"caption\":\"ID line\"},\"image\":{\"@id\":\"https:\\\/\\\/idline.hr\\\/#\\\/schema\\\/logo\\\/image\\\/\"}}]}<\/script>\n<!-- \/ Yoast SEO plugin. -->","yoast_head_json":{"title":"Blog - ID line","description":"Pratite na\u0161 blog. Donosimo vam stru\u010dne \u010dlanke koji va\u0161u avanturu digitalnog marketinga olak\u0161avaju na pristupa\u010dan na\u010din.","robots":{"index":"index","follow":"follow","max-snippet":"max-snippet:-1","max-image-preview":"max-image-preview:large","max-video-preview":"max-video-preview:-1"},"canonical":"https:\/\/idline.hr\/index.php\/blog\/","og_locale":"hr_HR","og_type":"article","og_title":"Blog - ID line","og_description":"Pratite na\u0161 blog. Donosimo vam stru\u010dne \u010dlanke koji va\u0161u avanturu digitalnog marketinga olak\u0161avaju na pristupa\u010dan na\u010din.","og_url":"https:\/\/idline.hr\/index.php\/blog\/","og_site_name":"ID line","article_modified_time":"2024-07-07T17:03:29+00:00","og_image":[{"url":"https:\/\/idline.hr\/wp-content\/uploads\/2024\/06\/pexels-photo-267414-267414-768x510.jpg","type":"","width":"","height":""}],"twitter_card":"summary_large_image","twitter_misc":{"Procijenjeno vrijeme \u010ditanja":"3 minute"},"schema":{"@context":"https:\/\/schema.org","@graph":[{"@type":"WebPage","@id":"https:\/\/idline.hr\/index.php\/blog\/","url":"https:\/\/idline.hr\/index.php\/blog\/","name":"Blog - ID line","isPartOf":{"@id":"https:\/\/idline.hr\/#website"},"primaryImageOfPage":{"@id":"https:\/\/idline.hr\/index.php\/blog\/#primaryimage"},"image":{"@id":"https:\/\/idline.hr\/index.php\/blog\/#primaryimage"},"thumbnailUrl":"https:\/\/idline.hr\/wp-content\/uploads\/2024\/06\/pexels-photo-267414-267414-768x510.jpg","datePublished":"2018-11-27T09:17:42+00:00","dateModified":"2024-07-07T17:03:29+00:00","description":"Pratite na\u0161 blog. Donosimo vam stru\u010dne \u010dlanke koji va\u0161u avanturu digitalnog marketinga olak\u0161avaju na pristupa\u010dan na\u010din.","breadcrumb":{"@id":"https:\/\/idline.hr\/index.php\/blog\/#breadcrumb"},"inLanguage":"hr","potentialAction":[{"@type":"ReadAction","target":["https:\/\/idline.hr\/index.php\/blog\/"]}]},{"@type":"ImageObject","inLanguage":"hr","@id":"https:\/\/idline.hr\/index.php\/blog\/#primaryimage","url":"https:\/\/idline.hr\/wp-content\/uploads\/2024\/06\/pexels-photo-267414-267414.jpg","contentUrl":"https:\/\/idline.hr\/wp-content\/uploads\/2024\/06\/pexels-photo-267414-267414.jpg","width":1280,"height":850,"caption":"pexels-photo-267414-267414.jpg"},{"@type":"BreadcrumbList","@id":"https:\/\/idline.hr\/index.php\/blog\/#breadcrumb","itemListElement":[{"@type":"ListItem","position":1,"name":"Po\u010detna stranica","item":"https:\/\/idline.hr\/"},{"@type":"ListItem","position":2,"name":"Blog"}]},{"@type":"WebSite","@id":"https:\/\/idline.hr\/#website","url":"https:\/\/idline.hr\/","name":"ID line","description":"ID line","publisher":{"@id":"https:\/\/idline.hr\/#organization"},"potentialAction":[{"@type":"SearchAction","target":{"@type":"EntryPoint","urlTemplate":"https:\/\/idline.hr\/?s={search_term_string}"},"query-input":{"@type":"PropertyValueSpecification","valueRequired":true,"valueName":"search_term_string"}}],"inLanguage":"hr"},{"@type":"Organization","@id":"https:\/\/idline.hr\/#organization","name":"ID line","url":"https:\/\/idline.hr\/","logo":{"@type":"ImageObject","inLanguage":"hr","@id":"https:\/\/idline.hr\/#\/schema\/logo\/image\/","url":"https:\/\/idline.hr\/wp-content\/uploads\/2023\/11\/IVANA.png","contentUrl":"https:\/\/idline.hr\/wp-content\/uploads\/2023\/11\/IVANA.png","width":500,"height":500,"caption":"ID line"},"image":{"@id":"https:\/\/idline.hr\/#\/schema\/logo\/image\/"}}]}},"uagb_featured_image_src":{"full":false,"thumbnail":false,"medium":false,"medium_large":false,"large":false,"1536x1536":false,"2048x2048":false},"uagb_author_info":{"display_name":"admin","author_link":"https:\/\/idline.hr\/index.php\/author\/admin_sun1ko3c\/"},"uagb_comment_info":0,"uagb_excerpt":"BLOG SEM marketing admin 02\/07\/2024 SEM (engl. Search Engine Marketing) marketing je vrsta ogla\u0161avanja koje se provodi putem pla\u0107enih oglasa na internetskim stranicama. To je forma on line marketinga koja promovira ogla\u0161iva\u010da kroz poja\u010danu vidljivost na internetskim stranicama. \u0160iri je pojam od SEO, optimizacije za tra\u017eilice za razliku od PPC, \u0161to je pla\u0107ena metoda. Pro\u010ditajte&hellip;","_links":{"self":[{"href":"https:\/\/idline.hr\/index.php\/wp-json\/wp\/v2\/pages\/2006","targetHints":{"allow":["GET"]}}],"collection":[{"href":"https:\/\/idline.hr\/index.php\/wp-json\/wp\/v2\/pages"}],"about":[{"href":"https:\/\/idline.hr\/index.php\/wp-json\/wp\/v2\/types\/page"}],"author":[{"embeddable":true,"href":"https:\/\/idline.hr\/index.php\/wp-json\/wp\/v2\/users\/1"}],"replies":[{"embeddable":true,"href":"https:\/\/idline.hr\/index.php\/wp-json\/wp\/v2\/comments?post=2006"}],"version-history":[{"count":35,"href":"https:\/\/idline.hr\/index.php\/wp-json\/wp\/v2\/pages\/2006\/revisions"}],"predecessor-version":[{"id":2810,"href":"https:\/\/idline.hr\/index.php\/wp-json\/wp\/v2\/pages\/2006\/revisions\/2810"}],"wp:attachment":[{"href":"https:\/\/idline.hr\/index.php\/wp-json\/wp\/v2\/media?parent=2006"}],"curies":[{"name":"wp","href":"https:\/\/api.w.org\/{rel}","templated":true}]}}