{"id":2005,"date":"2018-11-27T09:17:28","date_gmt":"2018-11-27T09:17:28","guid":{"rendered":"https:\/\/idline.hr\/index.php\/services\/"},"modified":"2024-07-07T16:53:47","modified_gmt":"2024-07-07T16:53:47","slug":"usluge","status":"publish","type":"page","link":"https:\/\/idline.hr\/index.php\/usluge\/","title":{"rendered":"Usluge"},"content":{"rendered":"\t\t<div data-elementor-type=\"wp-post\" data-elementor-id=\"2005\" class=\"elementor elementor-2005\">\n\t\t\t\t<div class=\"elementor-element elementor-element-ecdc542 e-flex e-con-boxed e-con e-parent\" data-id=\"ecdc542\" data-element_type=\"container\" data-e-type=\"container\" data-settings=\"{&quot;background_background&quot;:&quot;classic&quot;}\">\n\t\t\t\t\t<div class=\"e-con-inner\">\n\t\t<div class=\"elementor-element elementor-element-341f31e e-con-full e-flex e-con e-child\" data-id=\"341f31e\" data-element_type=\"container\" data-e-type=\"container\">\n\t\t\t\t<div class=\"elementor-element elementor-element-c607c23 elementor-widget elementor-widget-heading\" data-id=\"c607c23\" data-element_type=\"widget\" data-e-type=\"widget\" data-widget_type=\"heading.default\">\n\t\t\t\t<div class=\"elementor-widget-container\">\n\t\t\t\t\t<h1 class=\"elementor-heading-title elementor-size-default\">USLUGE<\/h1>\t\t\t\t<\/div>\n\t\t\t\t<\/div>\n\t\t\t\t<\/div>\n\t\t\t\t\t<\/div>\n\t\t\t\t<\/div>\n\t\t<div class=\"elementor-element elementor-element-1ea260a e-flex e-con-boxed e-con e-parent\" data-id=\"1ea260a\" data-element_type=\"container\" data-e-type=\"container\">\n\t\t\t\t\t<div class=\"e-con-inner\">\n\t\t<div class=\"elementor-element elementor-element-53e9612 e-con-full e-flex e-con e-child\" data-id=\"53e9612\" data-element_type=\"container\" data-e-type=\"container\">\n\t\t\t\t<div class=\"elementor-element elementor-element-7179047 elementor-widget elementor-widget-heading\" data-id=\"7179047\" data-element_type=\"widget\" data-e-type=\"widget\" data-widget_type=\"heading.default\">\n\t\t\t\t<div class=\"elementor-widget-container\">\n\t\t\t\t\t<h2 class=\"elementor-heading-title elementor-size-default\">upoznajte se s na\u0161im uslugama<\/h2>\t\t\t\t<\/div>\n\t\t\t\t<\/div>\n\t\t\t\t<div class=\"elementor-element elementor-element-9db05f7 elementor-widget-divider--view-line elementor-widget elementor-widget-divider\" data-id=\"9db05f7\" data-element_type=\"widget\" data-e-type=\"widget\" data-widget_type=\"divider.default\">\n\t\t\t\t<div class=\"elementor-widget-container\">\n\t\t\t\t\t\t\t<div class=\"elementor-divider\">\n\t\t\t<span class=\"elementor-divider-separator\">\n\t\t\t\t\t\t<\/span>\n\t\t<\/div>\n\t\t\t\t\t\t<\/div>\n\t\t\t\t<\/div>\n\t\t\t\t<div class=\"elementor-element elementor-element-18e4ffe elementor-widget elementor-widget-text-editor\" data-id=\"18e4ffe\" data-element_type=\"widget\" data-e-type=\"widget\" data-widget_type=\"text-editor.default\">\n\t\t\t\t<div class=\"elementor-widget-container\">\n\t\t\t\t\t\t\t\t\t<p>Nudimo vam usluge koja se svakom klijentu individualno prilago\u0111ava prema njegovim potrebama oslu\u0161kuju\u0107i potrebe tr\u017ei\u0161ta.<\/p>\t\t\t\t\t\t\t\t<\/div>\n\t\t\t\t<\/div>\n\t\t\t\t<\/div>\n\t\t\t\t\t<\/div>\n\t\t\t\t<\/div>\n\t\t<div class=\"elementor-element elementor-element-763a77a e-flex e-con-boxed e-con e-parent\" data-id=\"763a77a\" data-element_type=\"container\" data-e-type=\"container\">\n\t\t\t\t\t<div class=\"e-con-inner\">\n\t\t<div class=\"elementor-element elementor-element-b19ea39 e-con-full e-flex e-con e-child\" data-id=\"b19ea39\" data-element_type=\"container\" data-e-type=\"container\">\n\t\t\t\t<div class=\"elementor-element elementor-element-f99f203 elementor-widget elementor-widget-image\" data-id=\"f99f203\" data-element_type=\"widget\" data-e-type=\"widget\" data-widget_type=\"image.default\">\n\t\t\t\t<div class=\"elementor-widget-container\">\n\t\t\t\t\t\t\t\t\t\t\t\t<figure class=\"wp-caption\">\n\t\t\t\t\t\t\t\t\t\t<img fetchpriority=\"high\" decoding=\"async\" width=\"1024\" height=\"682\" src=\"https:\/\/idline.hr\/wp-content\/uploads\/2023\/11\/phone-display-apps-292994-1024x682.jpg\" class=\"attachment-large size-large wp-image-2136\" alt=\"phone, display, apps-292994.jpg\" srcset=\"https:\/\/idline.hr\/wp-content\/uploads\/2023\/11\/phone-display-apps-292994-1024x682.jpg 1024w, https:\/\/idline.hr\/wp-content\/uploads\/2023\/11\/phone-display-apps-292994-300x200.jpg 300w, https:\/\/idline.hr\/wp-content\/uploads\/2023\/11\/phone-display-apps-292994-768x512.jpg 768w, https:\/\/idline.hr\/wp-content\/uploads\/2023\/11\/phone-display-apps-292994.jpg 1280w\" sizes=\"(max-width: 1024px) 100vw, 1024px\" \/>\t\t\t\t\t\t\t\t\t\t\t<figcaption class=\"widget-image-caption wp-caption-text\"><\/figcaption>\n\t\t\t\t\t\t\t\t\t\t<\/figure>\n\t\t\t\t\t\t\t\t\t<\/div>\n\t\t\t\t<\/div>\n\t\t\t\t<div class=\"elementor-element elementor-element-d1c18d2 elementor-widget elementor-widget-image-box\" data-id=\"d1c18d2\" data-element_type=\"widget\" data-e-type=\"widget\" data-widget_type=\"image-box.default\">\n\t\t\t\t<div class=\"elementor-widget-container\">\n\t\t\t\t\t<div class=\"elementor-image-box-wrapper\"><div class=\"elementor-image-box-content\"><h3 class=\"elementor-image-box-title\"><a href=\"https:\/\/idline.hr\/index.php\/2023\/11\/13\/drustvene-mreze-mocan-alat-svakog-marketinga\/\" target=\"_blank\">Dru\u0161tvene mre\u017ee<\/a><\/h3><p class=\"elementor-image-box-description\">Vodimo za vas dru\u0161tvene mre\u017ee. Kreiramo sadr\u017eaj na njima i redovito ga a\u017euriramo. Informirajte pravovremeno svoje klijente i potencijalne kupce o novostima u va\u0161em poslovanju. Tako\u0111er, za vas osmi\u0161ljavamo i vodimo ogla\u0161avanje na dru\u0161tvenim mre\u017eama te na tra\u017eilicama. Budite vidljivi publici u svakom trenutku.<\/p><\/div><\/div>\t\t\t\t<\/div>\n\t\t\t\t<\/div>\n\t\t\t\t<\/div>\n\t\t<div class=\"elementor-element elementor-element-ec35598 e-con-full e-flex e-con e-child\" data-id=\"ec35598\" data-element_type=\"container\" data-e-type=\"container\">\n\t\t\t\t<div class=\"elementor-element elementor-element-2d2b862 elementor-widget elementor-widget-image\" data-id=\"2d2b862\" data-element_type=\"widget\" data-e-type=\"widget\" data-widget_type=\"image.default\">\n\t\t\t\t<div class=\"elementor-widget-container\">\n\t\t\t\t\t\t\t\t\t\t\t\t<figure class=\"wp-caption\">\n\t\t\t\t\t\t\t\t\t\t<img decoding=\"async\" width=\"1024\" height=\"682\" src=\"https:\/\/idline.hr\/wp-content\/uploads\/2023\/11\/social-media-social-marketing-5187243-1024x682.png\" class=\"attachment-large size-large wp-image-2080\" alt=\"social media, social, marketing-5187243.jpg\" srcset=\"https:\/\/idline.hr\/wp-content\/uploads\/2023\/11\/social-media-social-marketing-5187243-1024x682.png 1024w, https:\/\/idline.hr\/wp-content\/uploads\/2023\/11\/social-media-social-marketing-5187243-300x200.png 300w, https:\/\/idline.hr\/wp-content\/uploads\/2023\/11\/social-media-social-marketing-5187243-768x512.png 768w, https:\/\/idline.hr\/wp-content\/uploads\/2023\/11\/social-media-social-marketing-5187243.png 1280w\" sizes=\"(max-width: 1024px) 100vw, 1024px\" \/>\t\t\t\t\t\t\t\t\t\t\t<figcaption class=\"widget-image-caption wp-caption-text\"><\/figcaption>\n\t\t\t\t\t\t\t\t\t\t<\/figure>\n\t\t\t\t\t\t\t\t\t<\/div>\n\t\t\t\t<\/div>\n\t\t\t\t<div class=\"elementor-element elementor-element-fa4c287 elementor-widget elementor-widget-image-box\" data-id=\"fa4c287\" data-element_type=\"widget\" data-e-type=\"widget\" data-widget_type=\"image-box.default\">\n\t\t\t\t<div class=\"elementor-widget-container\">\n\t\t\t\t\t<div class=\"elementor-image-box-wrapper\"><div class=\"elementor-image-box-content\"><h3 class=\"elementor-image-box-title\">Web stranice<\/h3><p class=\"elementor-image-box-description\">U svijetu gdje je va\u017eno biti prepoznatljiv i istaknuti se dobrom i kvalitetnom web stranicom, izra\u0111ujemo web stranice po va\u0161im \u017eeljama. Poma\u017eemo vam konstantno je dopunjavati i odr\u017eavati na na\u010din i u trendu s aktualnim zahtjevima tr\u017ei\u0161ta. To sve radimo pomo\u0107u WordPressa i Elementora. Budite jednostavno jedinstveni.<\/p><\/div><\/div>\t\t\t\t<\/div>\n\t\t\t\t<\/div>\n\t\t\t\t<\/div>\n\t\t\t\t\t<\/div>\n\t\t\t\t<\/div>\n\t\t<div class=\"elementor-element elementor-element-5ce4035 e-flex e-con-boxed e-con e-parent\" data-id=\"5ce4035\" data-element_type=\"container\" data-e-type=\"container\">\n\t\t\t\t\t<div class=\"e-con-inner\">\n\t\t<div class=\"elementor-element elementor-element-a722f70 e-con-full e-flex e-con e-child\" data-id=\"a722f70\" data-element_type=\"container\" data-e-type=\"container\">\n\t\t\t\t<div class=\"elementor-element elementor-element-07df97f elementor-widget elementor-widget-image\" data-id=\"07df97f\" data-element_type=\"widget\" data-e-type=\"widget\" data-widget_type=\"image.default\">\n\t\t\t\t<div class=\"elementor-widget-container\">\n\t\t\t\t\t\t\t\t\t\t\t\t<figure class=\"wp-caption\">\n\t\t\t\t\t\t\t\t\t\t<img decoding=\"async\" width=\"1024\" height=\"722\" src=\"https:\/\/idline.hr\/wp-content\/uploads\/2023\/11\/search-engine-optimization-seo-marketing-1359430-1024x722.png\" class=\"attachment-large size-large wp-image-2144\" alt=\"search engine optimization, seo, marketing-1359430.jpg\" srcset=\"https:\/\/idline.hr\/wp-content\/uploads\/2023\/11\/search-engine-optimization-seo-marketing-1359430-1024x722.png 1024w, https:\/\/idline.hr\/wp-content\/uploads\/2023\/11\/search-engine-optimization-seo-marketing-1359430-300x212.png 300w, https:\/\/idline.hr\/wp-content\/uploads\/2023\/11\/search-engine-optimization-seo-marketing-1359430-768x542.png 768w, https:\/\/idline.hr\/wp-content\/uploads\/2023\/11\/search-engine-optimization-seo-marketing-1359430.png 1280w\" sizes=\"(max-width: 1024px) 100vw, 1024px\" \/>\t\t\t\t\t\t\t\t\t\t\t<figcaption class=\"widget-image-caption wp-caption-text\"><\/figcaption>\n\t\t\t\t\t\t\t\t\t\t<\/figure>\n\t\t\t\t\t\t\t\t\t<\/div>\n\t\t\t\t<\/div>\n\t\t\t\t<div class=\"elementor-element elementor-element-da03def elementor-widget elementor-widget-image-box\" data-id=\"da03def\" data-element_type=\"widget\" data-e-type=\"widget\" data-widget_type=\"image-box.default\">\n\t\t\t\t<div class=\"elementor-widget-container\">\n\t\t\t\t\t<div class=\"elementor-image-box-wrapper\"><div class=\"elementor-image-box-content\"><h3 class=\"elementor-image-box-title\"><a href=\"https:\/\/idline.hr\/index.php\/2023\/11\/28\/seo-pisanje\/\" target=\"_blank\">SEO<\/a><\/h3><p class=\"elementor-image-box-description\">Optimiziramo web stranice i tekstove na njima tako da postignu visoko mjesto na tra\u017eilicama. Izabrati klju\u010dnu rije\u010d nikad nije bilo va\u017enije. Istra\u017eit \u0107emo naj\u010de\u0161\u0107e klju\u010dne rije\u010di te na temelju toga kreirati sadr\u017eaj na web stranici. Imajte jednostavan, jasan i pregledan sadr\u017eaj.<\/p><\/div><\/div>\t\t\t\t<\/div>\n\t\t\t\t<\/div>\n\t\t\t\t<\/div>\n\t\t<div class=\"elementor-element elementor-element-78f6d94 e-con-full e-flex e-con e-child\" data-id=\"78f6d94\" data-element_type=\"container\" data-e-type=\"container\">\n\t\t\t\t<div class=\"elementor-element elementor-element-4befabd elementor-widget elementor-widget-image\" data-id=\"4befabd\" data-element_type=\"widget\" data-e-type=\"widget\" data-widget_type=\"image.default\">\n\t\t\t\t<div class=\"elementor-widget-container\">\n\t\t\t\t\t\t\t\t\t\t\t\t<figure class=\"wp-caption\">\n\t\t\t\t\t\t\t\t\t\t<img loading=\"lazy\" decoding=\"async\" width=\"1024\" height=\"724\" src=\"https:\/\/idline.hr\/wp-content\/uploads\/2023\/11\/tree-structure-networks-200795-1024x724.jpg\" class=\"attachment-large size-large wp-image-2148\" alt=\"tree, structure, networks-200795.jpg\" srcset=\"https:\/\/idline.hr\/wp-content\/uploads\/2023\/11\/tree-structure-networks-200795-1024x724.jpg 1024w, https:\/\/idline.hr\/wp-content\/uploads\/2023\/11\/tree-structure-networks-200795-300x212.jpg 300w, https:\/\/idline.hr\/wp-content\/uploads\/2023\/11\/tree-structure-networks-200795-768x543.jpg 768w, https:\/\/idline.hr\/wp-content\/uploads\/2023\/11\/tree-structure-networks-200795.jpg 1280w\" sizes=\"(max-width: 1024px) 100vw, 1024px\" \/>\t\t\t\t\t\t\t\t\t\t\t<figcaption class=\"widget-image-caption wp-caption-text\"><\/figcaption>\n\t\t\t\t\t\t\t\t\t\t<\/figure>\n\t\t\t\t\t\t\t\t\t<\/div>\n\t\t\t\t<\/div>\n\t\t\t\t<div class=\"elementor-element elementor-element-03e1dc6 elementor-widget elementor-widget-image-box\" data-id=\"03e1dc6\" data-element_type=\"widget\" data-e-type=\"widget\" data-widget_type=\"image-box.default\">\n\t\t\t\t<div class=\"elementor-widget-container\">\n\t\t\t\t\t<div class=\"elementor-image-box-wrapper\"><div class=\"elementor-image-box-content\"><h3 class=\"elementor-image-box-title\">Web analitika<\/h3><p class=\"elementor-image-box-description\">Pratimo i izvje\u0161tavamo vas o teku\u0107im podacima koje dobivamo pomo\u0107u razli\u010ditih Googleovih alata na internetu. Poma\u017eemo vam segmenirati publiku, odrediti va\u0161e ciljeve i prioritete poslovanja i va\u0161eg digitalnog marketinga. Dosegnite vi\u0161e ciljeva i publike uz na\u0161e strategije.<\/p><\/div><\/div>\t\t\t\t<\/div>\n\t\t\t\t<\/div>\n\t\t\t\t<\/div>\n\t\t\t\t\t<\/div>\n\t\t\t\t<\/div>\n\t\t\t\t<\/div>\n\t\t","protected":false},"excerpt":{"rendered":"<p>USLUGE upoznajte se s na\u0161im uslugama Nudimo vam usluge koja se svakom klijentu individualno prilago\u0111ava prema njegovim potrebama oslu\u0161kuju\u0107i potrebe tr\u017ei\u0161ta. Dru\u0161tvene mre\u017ee Vodimo za vas dru\u0161tvene mre\u017ee. Kreiramo sadr\u017eaj na njima i redovito ga a\u017euriramo. Informirajte pravovremeno svoje klijente i potencijalne kupce o novostima u va\u0161em poslovanju. Tako\u0111er, za vas osmi\u0161ljavamo i vodimo ogla\u0161avanje [&hellip;]<\/p>\n","protected":false},"author":1,"featured_media":0,"parent":0,"menu_order":0,"comment_status":"closed","ping_status":"closed","template":"","meta":{"_uag_custom_page_level_css":"","site-sidebar-layout":"no-sidebar","site-content-layout":"page-builder","ast-site-content-layout":"full-width-container","site-content-style":"unboxed","site-sidebar-style":"unboxed","ast-global-header-display":"","ast-banner-title-visibility":"","ast-main-header-display":"","ast-hfb-above-header-display":"","ast-hfb-below-header-display":"","ast-hfb-mobile-header-display":"","site-post-title":"disabled","ast-breadcrumbs-content":"","ast-featured-img":"disabled","footer-sml-layout":"","ast-disable-related-posts":"","theme-transparent-header-meta":"enabled","adv-header-id-meta":"","stick-header-meta":"","header-above-stick-meta":"","header-main-stick-meta":"","header-below-stick-meta":"","astra-migrate-meta-layouts":"set","ast-page-background-enabled":"default","ast-page-background-meta":{"desktop":{"background-color":"","background-image":"","background-repeat":"repeat","background-position":"center center","background-size":"auto","background-attachment":"scroll","background-type":"","background-media":"","overlay-type":"","overlay-color":"","overlay-opacity":"","overlay-gradient":""},"tablet":{"background-color":"","background-image":"","background-repeat":"repeat","background-position":"center center","background-size":"auto","background-attachment":"scroll","background-type":"","background-media":"","overlay-type":"","overlay-color":"","overlay-opacity":"","overlay-gradient":""},"mobile":{"background-color":"","background-image":"","background-repeat":"repeat","background-position":"center center","background-size":"auto","background-attachment":"scroll","background-type":"","background-media":"","overlay-type":"","overlay-color":"","overlay-opacity":"","overlay-gradient":""}},"ast-content-background-meta":{"desktop":{"background-color":"var(--ast-global-color-5)","background-image":"","background-repeat":"repeat","background-position":"center center","background-size":"auto","background-attachment":"scroll","background-type":"","background-media":"","overlay-type":"","overlay-color":"","overlay-opacity":"","overlay-gradient":""},"tablet":{"background-color":"var(--ast-global-color-5)","background-image":"","background-repeat":"repeat","background-position":"center center","background-size":"auto","background-attachment":"scroll","background-type":"","background-media":"","overlay-type":"","overlay-color":"","overlay-opacity":"","overlay-gradient":""},"mobile":{"background-color":"var(--ast-global-color-5)","background-image":"","background-repeat":"repeat","background-position":"center center","background-size":"auto","background-attachment":"scroll","background-type":"","background-media":"","overlay-type":"","overlay-color":"","overlay-opacity":"","overlay-gradient":""}},"footnotes":""},"class_list":["post-2005","page","type-page","status-publish","hentry"],"yoast_head":"<!-- This site is optimized with the Yoast SEO plugin v27.3 - https:\/\/yoast.com\/product\/yoast-seo-wordpress\/ -->\n<title>Usluge - ID line<\/title>\n<meta name=\"description\" content=\"Upoznajte na\u0161e usluge kojima se prilago\u0111avamo svakom klijentu oslu\u0161kuju\u0107i potrebe tr\u017ei\u0161ta uz profesionalan pristup.\" \/>\n<meta name=\"robots\" content=\"index, follow, max-snippet:-1, max-image-preview:large, max-video-preview:-1\" \/>\n<link rel=\"canonical\" href=\"https:\/\/idline.hr\/index.php\/usluge\/\" \/>\n<meta property=\"og:locale\" content=\"hr_HR\" \/>\n<meta property=\"og:type\" content=\"article\" \/>\n<meta property=\"og:title\" content=\"Usluge - ID line\" \/>\n<meta property=\"og:description\" content=\"Upoznajte na\u0161e usluge kojima se prilago\u0111avamo svakom klijentu oslu\u0161kuju\u0107i potrebe tr\u017ei\u0161ta uz profesionalan pristup.\" \/>\n<meta property=\"og:url\" content=\"https:\/\/idline.hr\/index.php\/usluge\/\" \/>\n<meta property=\"og:site_name\" content=\"ID line\" \/>\n<meta property=\"article:modified_time\" content=\"2024-07-07T16:53:47+00:00\" \/>\n<meta property=\"og:image\" content=\"https:\/\/idline.hr\/wp-content\/uploads\/2023\/11\/phone-display-apps-292994-1024x682.jpg\" \/>\n<meta name=\"twitter:card\" content=\"summary_large_image\" \/>\n<meta name=\"twitter:label1\" content=\"Procijenjeno vrijeme \u010ditanja\" \/>\n\t<meta name=\"twitter:data1\" content=\"2 minute\" \/>\n<script type=\"application\/ld+json\" class=\"yoast-schema-graph\">{\"@context\":\"https:\\\/\\\/schema.org\",\"@graph\":[{\"@type\":\"WebPage\",\"@id\":\"https:\\\/\\\/idline.hr\\\/index.php\\\/usluge\\\/\",\"url\":\"https:\\\/\\\/idline.hr\\\/index.php\\\/usluge\\\/\",\"name\":\"Usluge - ID line\",\"isPartOf\":{\"@id\":\"https:\\\/\\\/idline.hr\\\/#website\"},\"primaryImageOfPage\":{\"@id\":\"https:\\\/\\\/idline.hr\\\/index.php\\\/usluge\\\/#primaryimage\"},\"image\":{\"@id\":\"https:\\\/\\\/idline.hr\\\/index.php\\\/usluge\\\/#primaryimage\"},\"thumbnailUrl\":\"https:\\\/\\\/idline.hr\\\/wp-content\\\/uploads\\\/2023\\\/11\\\/phone-display-apps-292994-1024x682.jpg\",\"datePublished\":\"2018-11-27T09:17:28+00:00\",\"dateModified\":\"2024-07-07T16:53:47+00:00\",\"description\":\"Upoznajte na\u0161e usluge kojima se prilago\u0111avamo svakom klijentu oslu\u0161kuju\u0107i potrebe tr\u017ei\u0161ta uz profesionalan pristup.\",\"breadcrumb\":{\"@id\":\"https:\\\/\\\/idline.hr\\\/index.php\\\/usluge\\\/#breadcrumb\"},\"inLanguage\":\"hr\",\"potentialAction\":[{\"@type\":\"ReadAction\",\"target\":[\"https:\\\/\\\/idline.hr\\\/index.php\\\/usluge\\\/\"]}]},{\"@type\":\"ImageObject\",\"inLanguage\":\"hr\",\"@id\":\"https:\\\/\\\/idline.hr\\\/index.php\\\/usluge\\\/#primaryimage\",\"url\":\"https:\\\/\\\/idline.hr\\\/wp-content\\\/uploads\\\/2023\\\/11\\\/phone-display-apps-292994.jpg\",\"contentUrl\":\"https:\\\/\\\/idline.hr\\\/wp-content\\\/uploads\\\/2023\\\/11\\\/phone-display-apps-292994.jpg\",\"width\":1280,\"height\":853,\"caption\":\"phone, display, apps-292994.jpg\"},{\"@type\":\"BreadcrumbList\",\"@id\":\"https:\\\/\\\/idline.hr\\\/index.php\\\/usluge\\\/#breadcrumb\",\"itemListElement\":[{\"@type\":\"ListItem\",\"position\":1,\"name\":\"Po\u010detna stranica\",\"item\":\"https:\\\/\\\/idline.hr\\\/\"},{\"@type\":\"ListItem\",\"position\":2,\"name\":\"Usluge\"}]},{\"@type\":\"WebSite\",\"@id\":\"https:\\\/\\\/idline.hr\\\/#website\",\"url\":\"https:\\\/\\\/idline.hr\\\/\",\"name\":\"ID line\",\"description\":\"ID line\",\"publisher\":{\"@id\":\"https:\\\/\\\/idline.hr\\\/#organization\"},\"potentialAction\":[{\"@type\":\"SearchAction\",\"target\":{\"@type\":\"EntryPoint\",\"urlTemplate\":\"https:\\\/\\\/idline.hr\\\/?s={search_term_string}\"},\"query-input\":{\"@type\":\"PropertyValueSpecification\",\"valueRequired\":true,\"valueName\":\"search_term_string\"}}],\"inLanguage\":\"hr\"},{\"@type\":\"Organization\",\"@id\":\"https:\\\/\\\/idline.hr\\\/#organization\",\"name\":\"ID line\",\"url\":\"https:\\\/\\\/idline.hr\\\/\",\"logo\":{\"@type\":\"ImageObject\",\"inLanguage\":\"hr\",\"@id\":\"https:\\\/\\\/idline.hr\\\/#\\\/schema\\\/logo\\\/image\\\/\",\"url\":\"https:\\\/\\\/idline.hr\\\/wp-content\\\/uploads\\\/2023\\\/11\\\/IVANA.png\",\"contentUrl\":\"https:\\\/\\\/idline.hr\\\/wp-content\\\/uploads\\\/2023\\\/11\\\/IVANA.png\",\"width\":500,\"height\":500,\"caption\":\"ID line\"},\"image\":{\"@id\":\"https:\\\/\\\/idline.hr\\\/#\\\/schema\\\/logo\\\/image\\\/\"}}]}<\/script>\n<!-- \/ Yoast SEO plugin. -->","yoast_head_json":{"title":"Usluge - ID line","description":"Upoznajte na\u0161e usluge kojima se prilago\u0111avamo svakom klijentu oslu\u0161kuju\u0107i potrebe tr\u017ei\u0161ta uz profesionalan pristup.","robots":{"index":"index","follow":"follow","max-snippet":"max-snippet:-1","max-image-preview":"max-image-preview:large","max-video-preview":"max-video-preview:-1"},"canonical":"https:\/\/idline.hr\/index.php\/usluge\/","og_locale":"hr_HR","og_type":"article","og_title":"Usluge - ID line","og_description":"Upoznajte na\u0161e usluge kojima se prilago\u0111avamo svakom klijentu oslu\u0161kuju\u0107i potrebe tr\u017ei\u0161ta uz profesionalan pristup.","og_url":"https:\/\/idline.hr\/index.php\/usluge\/","og_site_name":"ID line","article_modified_time":"2024-07-07T16:53:47+00:00","og_image":[{"url":"https:\/\/idline.hr\/wp-content\/uploads\/2023\/11\/phone-display-apps-292994-1024x682.jpg","type":"","width":"","height":""}],"twitter_card":"summary_large_image","twitter_misc":{"Procijenjeno vrijeme \u010ditanja":"2 minute"},"schema":{"@context":"https:\/\/schema.org","@graph":[{"@type":"WebPage","@id":"https:\/\/idline.hr\/index.php\/usluge\/","url":"https:\/\/idline.hr\/index.php\/usluge\/","name":"Usluge - ID line","isPartOf":{"@id":"https:\/\/idline.hr\/#website"},"primaryImageOfPage":{"@id":"https:\/\/idline.hr\/index.php\/usluge\/#primaryimage"},"image":{"@id":"https:\/\/idline.hr\/index.php\/usluge\/#primaryimage"},"thumbnailUrl":"https:\/\/idline.hr\/wp-content\/uploads\/2023\/11\/phone-display-apps-292994-1024x682.jpg","datePublished":"2018-11-27T09:17:28+00:00","dateModified":"2024-07-07T16:53:47+00:00","description":"Upoznajte na\u0161e usluge kojima se prilago\u0111avamo svakom klijentu oslu\u0161kuju\u0107i potrebe tr\u017ei\u0161ta uz profesionalan pristup.","breadcrumb":{"@id":"https:\/\/idline.hr\/index.php\/usluge\/#breadcrumb"},"inLanguage":"hr","potentialAction":[{"@type":"ReadAction","target":["https:\/\/idline.hr\/index.php\/usluge\/"]}]},{"@type":"ImageObject","inLanguage":"hr","@id":"https:\/\/idline.hr\/index.php\/usluge\/#primaryimage","url":"https:\/\/idline.hr\/wp-content\/uploads\/2023\/11\/phone-display-apps-292994.jpg","contentUrl":"https:\/\/idline.hr\/wp-content\/uploads\/2023\/11\/phone-display-apps-292994.jpg","width":1280,"height":853,"caption":"phone, display, apps-292994.jpg"},{"@type":"BreadcrumbList","@id":"https:\/\/idline.hr\/index.php\/usluge\/#breadcrumb","itemListElement":[{"@type":"ListItem","position":1,"name":"Po\u010detna stranica","item":"https:\/\/idline.hr\/"},{"@type":"ListItem","position":2,"name":"Usluge"}]},{"@type":"WebSite","@id":"https:\/\/idline.hr\/#website","url":"https:\/\/idline.hr\/","name":"ID line","description":"ID line","publisher":{"@id":"https:\/\/idline.hr\/#organization"},"potentialAction":[{"@type":"SearchAction","target":{"@type":"EntryPoint","urlTemplate":"https:\/\/idline.hr\/?s={search_term_string}"},"query-input":{"@type":"PropertyValueSpecification","valueRequired":true,"valueName":"search_term_string"}}],"inLanguage":"hr"},{"@type":"Organization","@id":"https:\/\/idline.hr\/#organization","name":"ID line","url":"https:\/\/idline.hr\/","logo":{"@type":"ImageObject","inLanguage":"hr","@id":"https:\/\/idline.hr\/#\/schema\/logo\/image\/","url":"https:\/\/idline.hr\/wp-content\/uploads\/2023\/11\/IVANA.png","contentUrl":"https:\/\/idline.hr\/wp-content\/uploads\/2023\/11\/IVANA.png","width":500,"height":500,"caption":"ID line"},"image":{"@id":"https:\/\/idline.hr\/#\/schema\/logo\/image\/"}}]}},"uagb_featured_image_src":{"full":false,"thumbnail":false,"medium":false,"medium_large":false,"large":false,"1536x1536":false,"2048x2048":false},"uagb_author_info":{"display_name":"admin","author_link":"https:\/\/idline.hr\/index.php\/author\/admin_sun1ko3c\/"},"uagb_comment_info":0,"uagb_excerpt":"USLUGE upoznajte se s na\u0161im uslugama Nudimo vam usluge koja se svakom klijentu individualno prilago\u0111ava prema njegovim potrebama oslu\u0161kuju\u0107i potrebe tr\u017ei\u0161ta. Dru\u0161tvene mre\u017ee Vodimo za vas dru\u0161tvene mre\u017ee. Kreiramo sadr\u017eaj na njima i redovito ga a\u017euriramo. Informirajte pravovremeno svoje klijente i potencijalne kupce o novostima u va\u0161em poslovanju. Tako\u0111er, za vas osmi\u0161ljavamo i vodimo ogla\u0161avanje&hellip;","_links":{"self":[{"href":"https:\/\/idline.hr\/index.php\/wp-json\/wp\/v2\/pages\/2005","targetHints":{"allow":["GET"]}}],"collection":[{"href":"https:\/\/idline.hr\/index.php\/wp-json\/wp\/v2\/pages"}],"about":[{"href":"https:\/\/idline.hr\/index.php\/wp-json\/wp\/v2\/types\/page"}],"author":[{"embeddable":true,"href":"https:\/\/idline.hr\/index.php\/wp-json\/wp\/v2\/users\/1"}],"replies":[{"embeddable":true,"href":"https:\/\/idline.hr\/index.php\/wp-json\/wp\/v2\/comments?post=2005"}],"version-history":[{"count":82,"href":"https:\/\/idline.hr\/index.php\/wp-json\/wp\/v2\/pages\/2005\/revisions"}],"predecessor-version":[{"id":2775,"href":"https:\/\/idline.hr\/index.php\/wp-json\/wp\/v2\/pages\/2005\/revisions\/2775"}],"wp:attachment":[{"href":"https:\/\/idline.hr\/index.php\/wp-json\/wp\/v2\/media?parent=2005"}],"curies":[{"name":"wp","href":"https:\/\/api.w.org\/{rel}","templated":true}]}}