{"id":2004,"date":"2018-11-27T09:17:08","date_gmt":"2018-11-27T09:17:08","guid":{"rendered":"https:\/\/idline.hr\/index.php\/about\/"},"modified":"2024-07-07T16:51:33","modified_gmt":"2024-07-07T16:51:33","slug":"o-nama","status":"publish","type":"page","link":"https:\/\/idline.hr\/index.php\/o-nama\/","title":{"rendered":"O nama"},"content":{"rendered":"\t\t<div data-elementor-type=\"wp-post\" data-elementor-id=\"2004\" class=\"elementor elementor-2004\">\n\t\t\t\t<div class=\"elementor-element elementor-element-5f02ddf e-flex e-con-boxed e-con e-parent\" data-id=\"5f02ddf\" data-element_type=\"container\" data-e-type=\"container\" data-settings=\"{&quot;background_background&quot;:&quot;classic&quot;}\">\n\t\t\t\t\t<div class=\"e-con-inner\">\n\t\t<div class=\"elementor-element elementor-element-0502d81 e-con-full e-flex e-con e-child\" data-id=\"0502d81\" data-element_type=\"container\" data-e-type=\"container\">\n\t\t\t\t<div class=\"elementor-element elementor-element-03d202b elementor-widget elementor-widget-heading\" data-id=\"03d202b\" data-element_type=\"widget\" data-e-type=\"widget\" data-widget_type=\"heading.default\">\n\t\t\t\t<div class=\"elementor-widget-container\">\n\t\t\t\t\t<h1 class=\"elementor-heading-title elementor-size-default\">o nama<\/h1>\t\t\t\t<\/div>\n\t\t\t\t<\/div>\n\t\t\t\t<\/div>\n\t\t\t\t\t<\/div>\n\t\t\t\t<\/div>\n\t\t<div class=\"elementor-element elementor-element-8195a0d e-flex e-con-boxed e-con e-parent\" data-id=\"8195a0d\" data-element_type=\"container\" data-e-type=\"container\">\n\t\t\t\t\t<div class=\"e-con-inner\">\n\t\t<div class=\"elementor-element elementor-element-c48d12f e-con-full e-flex e-con e-child\" data-id=\"c48d12f\" data-element_type=\"container\" data-e-type=\"container\">\n\t\t\t\t<div class=\"elementor-element elementor-element-7beb61e elementor-widget-divider--view-line elementor-widget elementor-widget-divider\" data-id=\"7beb61e\" data-element_type=\"widget\" data-e-type=\"widget\" data-widget_type=\"divider.default\">\n\t\t\t\t<div class=\"elementor-widget-container\">\n\t\t\t\t\t\t\t<div class=\"elementor-divider\">\n\t\t\t<span class=\"elementor-divider-separator\">\n\t\t\t\t\t\t<\/span>\n\t\t<\/div>\n\t\t\t\t\t\t<\/div>\n\t\t\t\t<\/div>\n\t\t\t\t<div class=\"elementor-element elementor-element-9bf267e elementor-widget elementor-widget-image\" data-id=\"9bf267e\" data-element_type=\"widget\" data-e-type=\"widget\" data-widget_type=\"image.default\">\n\t\t\t\t<div class=\"elementor-widget-container\">\n\t\t\t\t\t\t\t\t\t\t\t\t<figure class=\"wp-caption\">\n\t\t\t\t\t\t\t\t\t\t<img fetchpriority=\"high\" decoding=\"async\" width=\"1024\" height=\"512\" src=\"https:\/\/idline.hr\/wp-content\/uploads\/2023\/11\/icon-polaroid-blogger-2486501-1024x512.png\" class=\"attachment-large size-large wp-image-2213\" alt=\"icon, polaroid, blogger-2486501.jpg\" srcset=\"https:\/\/idline.hr\/wp-content\/uploads\/2023\/11\/icon-polaroid-blogger-2486501-1024x512.png 1024w, https:\/\/idline.hr\/wp-content\/uploads\/2023\/11\/icon-polaroid-blogger-2486501-300x150.png 300w, https:\/\/idline.hr\/wp-content\/uploads\/2023\/11\/icon-polaroid-blogger-2486501-768x384.png 768w, https:\/\/idline.hr\/wp-content\/uploads\/2023\/11\/icon-polaroid-blogger-2486501.png 1280w\" sizes=\"(max-width: 1024px) 100vw, 1024px\" \/>\t\t\t\t\t\t\t\t\t\t\t<figcaption class=\"widget-image-caption wp-caption-text\"><\/figcaption>\n\t\t\t\t\t\t\t\t\t\t<\/figure>\n\t\t\t\t\t\t\t\t\t<\/div>\n\t\t\t\t<\/div>\n\t\t\t\t<div class=\"elementor-element elementor-element-c5cd51e elementor-widget elementor-widget-text-editor\" data-id=\"c5cd51e\" data-element_type=\"widget\" data-e-type=\"widget\" data-widget_type=\"text-editor.default\">\n\t\t\t\t<div class=\"elementor-widget-container\">\n\t\t\t\t\t\t\t\t\t<p>Dobrodo\u0161li u ID line. Na\u0161a misija je pru\u017eanje kreativnih i u\u010dinkovitih digitalnih rje\u0161enja koja poma\u017eu na\u0161im klijentima da ostvare svoje profesionalne ciljeve.<\/p><p>U ID line-u razumijemo da je digitalni marketing potreba, kao i da se digitalni prostor neprestano mijenja. Posve\u0107eni smo pra\u0107enju najnovijih trendova i tehnologija kako bismo na\u0161im klijentima pru\u017eili najnovija i naju\u010dinkovitija <a href=\"https:\/\/idline.hr\/index.php\/services\/\">rje\u0161enja<\/a>.<\/p><p>Na\u0161 tim ima bogato iskustvo u digitalnom marketingu \u0161to smatramo na\u0161om predno\u0161\u0107u da pru\u017eamo kvalitetne usluge i posti\u017eemo dobre rezultate.<\/p><p>Vjerujemo da uspjeh dolazi kroz inovacije, stru\u010dnost i predanost. Potra\u017eite svog partnera u digitalnom poslovanju i budite visoko vidljivi uz nas.<\/p><p>Za sva dodatna pitanja i ponude, budite slobodni nas kontaktirati putem dostupnih <a href=\"https:\/\/idline.hr\/index.php\/contact\/\">komunikacijskih kanala<\/a>, a dostupni smo &#8211; svagdje.<\/p>\t\t\t\t\t\t\t\t<\/div>\n\t\t\t\t<\/div>\n\t\t\t\t<\/div>\n\t\t<div class=\"elementor-element elementor-element-d47d4cd e-con-full e-flex e-con e-child\" data-id=\"d47d4cd\" data-element_type=\"container\" data-e-type=\"container\">\n\t\t\t\t<div class=\"elementor-element elementor-element-bf795e2 elementor-widget elementor-widget-heading\" data-id=\"bf795e2\" data-element_type=\"widget\" data-e-type=\"widget\" data-widget_type=\"heading.default\">\n\t\t\t\t<div class=\"elementor-widget-container\">\n\t\t\t\t\t<h3 class=\"elementor-heading-title elementor-size-default\">Na\u0161e vrijednosti<\/h3>\t\t\t\t<\/div>\n\t\t\t\t<\/div>\n\t\t\t\t<div class=\"elementor-element elementor-element-ae16dd8 elementor-widget-divider--view-line elementor-widget elementor-widget-divider\" data-id=\"ae16dd8\" data-element_type=\"widget\" data-e-type=\"widget\" data-widget_type=\"divider.default\">\n\t\t\t\t<div class=\"elementor-widget-container\">\n\t\t\t\t\t\t\t<div class=\"elementor-divider\">\n\t\t\t<span class=\"elementor-divider-separator\">\n\t\t\t\t\t\t<\/span>\n\t\t<\/div>\n\t\t\t\t\t\t<\/div>\n\t\t\t\t<\/div>\n\t\t\t\t<div class=\"elementor-element elementor-element-0179544 elementor-icon-list--layout-traditional elementor-list-item-link-full_width elementor-widget elementor-widget-icon-list\" data-id=\"0179544\" data-element_type=\"widget\" data-e-type=\"widget\" data-widget_type=\"icon-list.default\">\n\t\t\t\t<div class=\"elementor-widget-container\">\n\t\t\t\t\t\t\t<ul class=\"elementor-icon-list-items\">\n\t\t\t\t\t\t\t<li class=\"elementor-icon-list-item\">\n\t\t\t\t\t\t\t\t\t\t\t<span class=\"elementor-icon-list-icon\">\n\t\t\t\t\t\t\t<svg aria-hidden=\"true\" class=\"e-font-icon-svg e-fas-minus\" viewBox=\"0 0 448 512\" xmlns=\"http:\/\/www.w3.org\/2000\/svg\"><path d=\"M416 208H32c-17.67 0-32 14.33-32 32v32c0 17.67 14.33 32 32 32h384c17.67 0 32-14.33 32-32v-32c0-17.67-14.33-32-32-32z\"><\/path><\/svg>\t\t\t\t\t\t<\/span>\n\t\t\t\t\t\t\t\t\t\t<span class=\"elementor-icon-list-text\">Strast prema poslu<\/span>\n\t\t\t\t\t\t\t\t\t<\/li>\n\t\t\t\t\t\t\t\t<li class=\"elementor-icon-list-item\">\n\t\t\t\t\t\t\t\t\t\t\t<span class=\"elementor-icon-list-icon\">\n\t\t\t\t\t\t\t<svg aria-hidden=\"true\" class=\"e-font-icon-svg e-fas-minus\" viewBox=\"0 0 448 512\" xmlns=\"http:\/\/www.w3.org\/2000\/svg\"><path d=\"M416 208H32c-17.67 0-32 14.33-32 32v32c0 17.67 14.33 32 32 32h384c17.67 0 32-14.33 32-32v-32c0-17.67-14.33-32-32-32z\"><\/path><\/svg>\t\t\t\t\t\t<\/span>\n\t\t\t\t\t\t\t\t\t\t<span class=\"elementor-icon-list-text\">Kreativnost je zabava<\/span>\n\t\t\t\t\t\t\t\t\t<\/li>\n\t\t\t\t\t\t\t\t<li class=\"elementor-icon-list-item\">\n\t\t\t\t\t\t\t\t\t\t\t<span class=\"elementor-icon-list-icon\">\n\t\t\t\t\t\t\t<svg aria-hidden=\"true\" class=\"e-font-icon-svg e-fas-minus\" viewBox=\"0 0 448 512\" xmlns=\"http:\/\/www.w3.org\/2000\/svg\"><path d=\"M416 208H32c-17.67 0-32 14.33-32 32v32c0 17.67 14.33 32 32 32h384c17.67 0 32-14.33 32-32v-32c0-17.67-14.33-32-32-32z\"><\/path><\/svg>\t\t\t\t\t\t<\/span>\n\t\t\t\t\t\t\t\t\t\t<span class=\"elementor-icon-list-text\">Profesionalnost na razini<\/span>\n\t\t\t\t\t\t\t\t\t<\/li>\n\t\t\t\t\t\t\t\t<li class=\"elementor-icon-list-item\">\n\t\t\t\t\t\t\t\t\t\t\t<span class=\"elementor-icon-list-icon\">\n\t\t\t\t\t\t\t<svg aria-hidden=\"true\" class=\"e-font-icon-svg e-fas-minus\" viewBox=\"0 0 448 512\" xmlns=\"http:\/\/www.w3.org\/2000\/svg\"><path d=\"M416 208H32c-17.67 0-32 14.33-32 32v32c0 17.67 14.33 32 32 32h384c17.67 0 32-14.33 32-32v-32c0-17.67-14.33-32-32-32z\"><\/path><\/svg>\t\t\t\t\t\t<\/span>\n\t\t\t\t\t\t\t\t\t\t<span class=\"elementor-icon-list-text\">Individualni pristup<\/span>\n\t\t\t\t\t\t\t\t\t<\/li>\n\t\t\t\t\t\t\t\t<li class=\"elementor-icon-list-item\">\n\t\t\t\t\t\t\t\t\t\t\t<span class=\"elementor-icon-list-icon\">\n\t\t\t\t\t\t\t<svg aria-hidden=\"true\" class=\"e-font-icon-svg e-fas-minus\" viewBox=\"0 0 448 512\" xmlns=\"http:\/\/www.w3.org\/2000\/svg\"><path d=\"M416 208H32c-17.67 0-32 14.33-32 32v32c0 17.67 14.33 32 32 32h384c17.67 0 32-14.33 32-32v-32c0-17.67-14.33-32-32-32z\"><\/path><\/svg>\t\t\t\t\t\t<\/span>\n\t\t\t\t\t\t\t\t\t\t<span class=\"elementor-icon-list-text\">Kvaliteta, a ne kvantiteta<\/span>\n\t\t\t\t\t\t\t\t\t<\/li>\n\t\t\t\t\t\t\t\t<li class=\"elementor-icon-list-item\">\n\t\t\t\t\t\t\t\t\t\t\t<span class=\"elementor-icon-list-icon\">\n\t\t\t\t\t\t\t<svg aria-hidden=\"true\" class=\"e-font-icon-svg e-fas-minus\" viewBox=\"0 0 448 512\" xmlns=\"http:\/\/www.w3.org\/2000\/svg\"><path d=\"M416 208H32c-17.67 0-32 14.33-32 32v32c0 17.67 14.33 32 32 32h384c17.67 0 32-14.33 32-32v-32c0-17.67-14.33-32-32-32z\"><\/path><\/svg>\t\t\t\t\t\t<\/span>\n\t\t\t\t\t\t\t\t\t\t<span class=\"elementor-icon-list-text\">Bez agresivnog pristupa<\/span>\n\t\t\t\t\t\t\t\t\t<\/li>\n\t\t\t\t\t\t\t\t<li class=\"elementor-icon-list-item\">\n\t\t\t\t\t\t\t\t\t\t\t<span class=\"elementor-icon-list-icon\">\n\t\t\t\t\t\t\t<svg aria-hidden=\"true\" class=\"e-font-icon-svg e-fas-minus\" viewBox=\"0 0 448 512\" xmlns=\"http:\/\/www.w3.org\/2000\/svg\"><path d=\"M416 208H32c-17.67 0-32 14.33-32 32v32c0 17.67 14.33 32 32 32h384c17.67 0 32-14.33 32-32v-32c0-17.67-14.33-32-32-32z\"><\/path><\/svg>\t\t\t\t\t\t<\/span>\n\t\t\t\t\t\t\t\t\t\t<span class=\"elementor-icon-list-text\">Razli\u010ditost je bogatstvo<\/span>\n\t\t\t\t\t\t\t\t\t<\/li>\n\t\t\t\t\t\t\t\t<li class=\"elementor-icon-list-item\">\n\t\t\t\t\t\t\t\t\t\t\t<span class=\"elementor-icon-list-icon\">\n\t\t\t\t\t\t\t<svg aria-hidden=\"true\" class=\"e-font-icon-svg e-fas-minus\" viewBox=\"0 0 448 512\" xmlns=\"http:\/\/www.w3.org\/2000\/svg\"><path d=\"M416 208H32c-17.67 0-32 14.33-32 32v32c0 17.67 14.33 32 32 32h384c17.67 0 32-14.33 32-32v-32c0-17.67-14.33-32-32-32z\"><\/path><\/svg>\t\t\t\t\t\t<\/span>\n\t\t\t\t\t\t\t\t\t\t<span class=\"elementor-icon-list-text\">Zajedni\u0161tvo spaja<\/span>\n\t\t\t\t\t\t\t\t\t<\/li>\n\t\t\t\t\t\t\t\t<li class=\"elementor-icon-list-item\">\n\t\t\t\t\t\t\t\t\t\t\t<span class=\"elementor-icon-list-icon\">\n\t\t\t\t\t\t\t<svg aria-hidden=\"true\" class=\"e-font-icon-svg e-fas-minus\" viewBox=\"0 0 448 512\" xmlns=\"http:\/\/www.w3.org\/2000\/svg\"><path d=\"M416 208H32c-17.67 0-32 14.33-32 32v32c0 17.67 14.33 32 32 32h384c17.67 0 32-14.33 32-32v-32c0-17.67-14.33-32-32-32z\"><\/path><\/svg>\t\t\t\t\t\t<\/span>\n\t\t\t\t\t\t\t\t\t\t<span class=\"elementor-icon-list-text\">Transparentnost gradi povjerenje<\/span>\n\t\t\t\t\t\t\t\t\t<\/li>\n\t\t\t\t\t\t\t\t<li class=\"elementor-icon-list-item\">\n\t\t\t\t\t\t\t\t\t\t\t<span class=\"elementor-icon-list-icon\">\n\t\t\t\t\t\t\t<svg aria-hidden=\"true\" class=\"e-font-icon-svg e-fas-minus\" viewBox=\"0 0 448 512\" xmlns=\"http:\/\/www.w3.org\/2000\/svg\"><path d=\"M416 208H32c-17.67 0-32 14.33-32 32v32c0 17.67 14.33 32 32 32h384c17.67 0 32-14.33 32-32v-32c0-17.67-14.33-32-32-32z\"><\/path><\/svg>\t\t\t\t\t\t<\/span>\n\t\t\t\t\t\t\t\t\t\t<span class=\"elementor-icon-list-text\">Inovativnost zna\u010di napredak<\/span>\n\t\t\t\t\t\t\t\t\t<\/li>\n\t\t\t\t\t\t\t\t<li class=\"elementor-icon-list-item\">\n\t\t\t\t\t\t\t\t\t\t\t<span class=\"elementor-icon-list-icon\">\n\t\t\t\t\t\t\t<svg aria-hidden=\"true\" class=\"e-font-icon-svg e-fas-minus\" viewBox=\"0 0 448 512\" xmlns=\"http:\/\/www.w3.org\/2000\/svg\"><path d=\"M416 208H32c-17.67 0-32 14.33-32 32v32c0 17.67 14.33 32 32 32h384c17.67 0 32-14.33 32-32v-32c0-17.67-14.33-32-32-32z\"><\/path><\/svg>\t\t\t\t\t\t<\/span>\n\t\t\t\t\t\t\t\t\t\t<span class=\"elementor-icon-list-text\">Zabava je posao<\/span>\n\t\t\t\t\t\t\t\t\t<\/li>\n\t\t\t\t\t\t<\/ul>\n\t\t\t\t\t\t<\/div>\n\t\t\t\t<\/div>\n\t\t\t\t<div class=\"elementor-element elementor-element-ab91583 elementor-widget elementor-widget-image\" data-id=\"ab91583\" data-element_type=\"widget\" data-e-type=\"widget\" data-widget_type=\"image.default\">\n\t\t\t\t<div class=\"elementor-widget-container\">\n\t\t\t\t\t\t\t\t\t\t\t\t<figure class=\"wp-caption\">\n\t\t\t\t\t\t\t\t\t\t<img decoding=\"async\" width=\"1024\" height=\"689\" src=\"https:\/\/idline.hr\/wp-content\/uploads\/2023\/11\/laptop-nature-beautiful-flowers-3317007-1024x689.jpg\" class=\"attachment-large size-large wp-image-2218\" alt=\"laptop, nature, beautiful flowers-3317007.jpg\" srcset=\"https:\/\/idline.hr\/wp-content\/uploads\/2023\/11\/laptop-nature-beautiful-flowers-3317007-1024x689.jpg 1024w, https:\/\/idline.hr\/wp-content\/uploads\/2023\/11\/laptop-nature-beautiful-flowers-3317007-300x202.jpg 300w, https:\/\/idline.hr\/wp-content\/uploads\/2023\/11\/laptop-nature-beautiful-flowers-3317007-768x517.jpg 768w, https:\/\/idline.hr\/wp-content\/uploads\/2023\/11\/laptop-nature-beautiful-flowers-3317007.jpg 1280w\" sizes=\"(max-width: 1024px) 100vw, 1024px\" \/>\t\t\t\t\t\t\t\t\t\t\t<figcaption class=\"widget-image-caption wp-caption-text\"><\/figcaption>\n\t\t\t\t\t\t\t\t\t\t<\/figure>\n\t\t\t\t\t\t\t\t\t<\/div>\n\t\t\t\t<\/div>\n\t\t\t\t<\/div>\n\t\t\t\t\t<\/div>\n\t\t\t\t<\/div>\n\t\t\t\t<\/div>\n\t\t","protected":false},"excerpt":{"rendered":"<p>o nama Dobrodo\u0161li u ID line. Na\u0161a misija je pru\u017eanje kreativnih i u\u010dinkovitih digitalnih rje\u0161enja koja poma\u017eu na\u0161im klijentima da ostvare svoje profesionalne ciljeve. U ID line-u razumijemo da je digitalni marketing potreba, kao i da se digitalni prostor neprestano mijenja. Posve\u0107eni smo pra\u0107enju najnovijih trendova i tehnologija kako bismo na\u0161im klijentima pru\u017eili najnovija i [&hellip;]<\/p>\n","protected":false},"author":1,"featured_media":0,"parent":0,"menu_order":0,"comment_status":"closed","ping_status":"closed","template":"","meta":{"_uag_custom_page_level_css":"","site-sidebar-layout":"no-sidebar","site-content-layout":"page-builder","ast-site-content-layout":"full-width-container","site-content-style":"unboxed","site-sidebar-style":"unboxed","ast-global-header-display":"","ast-banner-title-visibility":"","ast-main-header-display":"","ast-hfb-above-header-display":"","ast-hfb-below-header-display":"","ast-hfb-mobile-header-display":"","site-post-title":"disabled","ast-breadcrumbs-content":"","ast-featured-img":"disabled","footer-sml-layout":"","ast-disable-related-posts":"","theme-transparent-header-meta":"enabled","adv-header-id-meta":"","stick-header-meta":"","header-above-stick-meta":"","header-main-stick-meta":"","header-below-stick-meta":"","astra-migrate-meta-layouts":"set","ast-page-background-enabled":"default","ast-page-background-meta":{"desktop":{"background-color":"","background-image":"","background-repeat":"repeat","background-position":"center center","background-size":"auto","background-attachment":"scroll","background-type":"","background-media":"","overlay-type":"","overlay-color":"","overlay-opacity":"","overlay-gradient":""},"tablet":{"background-color":"","background-image":"","background-repeat":"repeat","background-position":"center center","background-size":"auto","background-attachment":"scroll","background-type":"","background-media":"","overlay-type":"","overlay-color":"","overlay-opacity":"","overlay-gradient":""},"mobile":{"background-color":"","background-image":"","background-repeat":"repeat","background-position":"center center","background-size":"auto","background-attachment":"scroll","background-type":"","background-media":"","overlay-type":"","overlay-color":"","overlay-opacity":"","overlay-gradient":""}},"ast-content-background-meta":{"desktop":{"background-color":"var(--ast-global-color-5)","background-image":"","background-repeat":"repeat","background-position":"center center","background-size":"auto","background-attachment":"scroll","background-type":"","background-media":"","overlay-type":"","overlay-color":"","overlay-opacity":"","overlay-gradient":""},"tablet":{"background-color":"var(--ast-global-color-5)","background-image":"","background-repeat":"repeat","background-position":"center center","background-size":"auto","background-attachment":"scroll","background-type":"","background-media":"","overlay-type":"","overlay-color":"","overlay-opacity":"","overlay-gradient":""},"mobile":{"background-color":"var(--ast-global-color-5)","background-image":"","background-repeat":"repeat","background-position":"center center","background-size":"auto","background-attachment":"scroll","background-type":"","background-media":"","overlay-type":"","overlay-color":"","overlay-opacity":"","overlay-gradient":""}},"footnotes":""},"class_list":["post-2004","page","type-page","status-publish","hentry"],"yoast_head":"<!-- This site is optimized with the Yoast SEO plugin v27.3 - https:\/\/yoast.com\/product\/yoast-seo-wordpress\/ -->\n<title>O nama - ID line<\/title>\n<meta name=\"description\" content=\"Dobrodo\u0161li u ID line. Potra\u017eite svog partnera u digitalnom svijetu i postanite visoko vidljivi uz kreativna i u\u010dinkovita rje\u0161enja.\" \/>\n<meta name=\"robots\" content=\"index, follow, max-snippet:-1, max-image-preview:large, max-video-preview:-1\" \/>\n<link rel=\"canonical\" href=\"https:\/\/idline.hr\/index.php\/o-nama\/\" \/>\n<meta property=\"og:locale\" content=\"hr_HR\" \/>\n<meta property=\"og:type\" content=\"article\" \/>\n<meta property=\"og:title\" content=\"O nama - ID line\" \/>\n<meta property=\"og:description\" content=\"Dobrodo\u0161li u ID line. Potra\u017eite svog partnera u digitalnom svijetu i postanite visoko vidljivi uz kreativna i u\u010dinkovita rje\u0161enja.\" \/>\n<meta property=\"og:url\" content=\"https:\/\/idline.hr\/index.php\/o-nama\/\" \/>\n<meta property=\"og:site_name\" content=\"ID line\" \/>\n<meta property=\"article:modified_time\" content=\"2024-07-07T16:51:33+00:00\" \/>\n<meta property=\"og:image\" content=\"https:\/\/idline.hr\/wp-content\/uploads\/2023\/11\/icon-polaroid-blogger-2486501-1024x512.png\" \/>\n<meta name=\"twitter:card\" content=\"summary_large_image\" \/>\n<meta name=\"twitter:label1\" content=\"Procijenjeno vrijeme \u010ditanja\" \/>\n\t<meta name=\"twitter:data1\" content=\"2 minute\" \/>\n<script type=\"application\/ld+json\" class=\"yoast-schema-graph\">{\"@context\":\"https:\\\/\\\/schema.org\",\"@graph\":[{\"@type\":\"WebPage\",\"@id\":\"https:\\\/\\\/idline.hr\\\/index.php\\\/o-nama\\\/\",\"url\":\"https:\\\/\\\/idline.hr\\\/index.php\\\/o-nama\\\/\",\"name\":\"O nama - ID line\",\"isPartOf\":{\"@id\":\"https:\\\/\\\/idline.hr\\\/#website\"},\"primaryImageOfPage\":{\"@id\":\"https:\\\/\\\/idline.hr\\\/index.php\\\/o-nama\\\/#primaryimage\"},\"image\":{\"@id\":\"https:\\\/\\\/idline.hr\\\/index.php\\\/o-nama\\\/#primaryimage\"},\"thumbnailUrl\":\"https:\\\/\\\/idline.hr\\\/wp-content\\\/uploads\\\/2023\\\/11\\\/icon-polaroid-blogger-2486501-1024x512.png\",\"datePublished\":\"2018-11-27T09:17:08+00:00\",\"dateModified\":\"2024-07-07T16:51:33+00:00\",\"description\":\"Dobrodo\u0161li u ID line. Potra\u017eite svog partnera u digitalnom svijetu i postanite visoko vidljivi uz kreativna i u\u010dinkovita rje\u0161enja.\",\"breadcrumb\":{\"@id\":\"https:\\\/\\\/idline.hr\\\/index.php\\\/o-nama\\\/#breadcrumb\"},\"inLanguage\":\"hr\",\"potentialAction\":[{\"@type\":\"ReadAction\",\"target\":[\"https:\\\/\\\/idline.hr\\\/index.php\\\/o-nama\\\/\"]}]},{\"@type\":\"ImageObject\",\"inLanguage\":\"hr\",\"@id\":\"https:\\\/\\\/idline.hr\\\/index.php\\\/o-nama\\\/#primaryimage\",\"url\":\"https:\\\/\\\/idline.hr\\\/wp-content\\\/uploads\\\/2023\\\/11\\\/icon-polaroid-blogger-2486501.png\",\"contentUrl\":\"https:\\\/\\\/idline.hr\\\/wp-content\\\/uploads\\\/2023\\\/11\\\/icon-polaroid-blogger-2486501.png\",\"width\":1280,\"height\":640,\"caption\":\"icon, polaroid, blogger-2486501.jpg\"},{\"@type\":\"BreadcrumbList\",\"@id\":\"https:\\\/\\\/idline.hr\\\/index.php\\\/o-nama\\\/#breadcrumb\",\"itemListElement\":[{\"@type\":\"ListItem\",\"position\":1,\"name\":\"Po\u010detna stranica\",\"item\":\"https:\\\/\\\/idline.hr\\\/\"},{\"@type\":\"ListItem\",\"position\":2,\"name\":\"O nama\"}]},{\"@type\":\"WebSite\",\"@id\":\"https:\\\/\\\/idline.hr\\\/#website\",\"url\":\"https:\\\/\\\/idline.hr\\\/\",\"name\":\"ID line\",\"description\":\"ID line\",\"publisher\":{\"@id\":\"https:\\\/\\\/idline.hr\\\/#organization\"},\"potentialAction\":[{\"@type\":\"SearchAction\",\"target\":{\"@type\":\"EntryPoint\",\"urlTemplate\":\"https:\\\/\\\/idline.hr\\\/?s={search_term_string}\"},\"query-input\":{\"@type\":\"PropertyValueSpecification\",\"valueRequired\":true,\"valueName\":\"search_term_string\"}}],\"inLanguage\":\"hr\"},{\"@type\":\"Organization\",\"@id\":\"https:\\\/\\\/idline.hr\\\/#organization\",\"name\":\"ID line\",\"url\":\"https:\\\/\\\/idline.hr\\\/\",\"logo\":{\"@type\":\"ImageObject\",\"inLanguage\":\"hr\",\"@id\":\"https:\\\/\\\/idline.hr\\\/#\\\/schema\\\/logo\\\/image\\\/\",\"url\":\"https:\\\/\\\/idline.hr\\\/wp-content\\\/uploads\\\/2023\\\/11\\\/IVANA.png\",\"contentUrl\":\"https:\\\/\\\/idline.hr\\\/wp-content\\\/uploads\\\/2023\\\/11\\\/IVANA.png\",\"width\":500,\"height\":500,\"caption\":\"ID line\"},\"image\":{\"@id\":\"https:\\\/\\\/idline.hr\\\/#\\\/schema\\\/logo\\\/image\\\/\"}}]}<\/script>\n<!-- \/ Yoast SEO plugin. -->","yoast_head_json":{"title":"O nama - ID line","description":"Dobrodo\u0161li u ID line. Potra\u017eite svog partnera u digitalnom svijetu i postanite visoko vidljivi uz kreativna i u\u010dinkovita rje\u0161enja.","robots":{"index":"index","follow":"follow","max-snippet":"max-snippet:-1","max-image-preview":"max-image-preview:large","max-video-preview":"max-video-preview:-1"},"canonical":"https:\/\/idline.hr\/index.php\/o-nama\/","og_locale":"hr_HR","og_type":"article","og_title":"O nama - ID line","og_description":"Dobrodo\u0161li u ID line. Potra\u017eite svog partnera u digitalnom svijetu i postanite visoko vidljivi uz kreativna i u\u010dinkovita rje\u0161enja.","og_url":"https:\/\/idline.hr\/index.php\/o-nama\/","og_site_name":"ID line","article_modified_time":"2024-07-07T16:51:33+00:00","og_image":[{"url":"https:\/\/idline.hr\/wp-content\/uploads\/2023\/11\/icon-polaroid-blogger-2486501-1024x512.png","type":"","width":"","height":""}],"twitter_card":"summary_large_image","twitter_misc":{"Procijenjeno vrijeme \u010ditanja":"2 minute"},"schema":{"@context":"https:\/\/schema.org","@graph":[{"@type":"WebPage","@id":"https:\/\/idline.hr\/index.php\/o-nama\/","url":"https:\/\/idline.hr\/index.php\/o-nama\/","name":"O nama - ID line","isPartOf":{"@id":"https:\/\/idline.hr\/#website"},"primaryImageOfPage":{"@id":"https:\/\/idline.hr\/index.php\/o-nama\/#primaryimage"},"image":{"@id":"https:\/\/idline.hr\/index.php\/o-nama\/#primaryimage"},"thumbnailUrl":"https:\/\/idline.hr\/wp-content\/uploads\/2023\/11\/icon-polaroid-blogger-2486501-1024x512.png","datePublished":"2018-11-27T09:17:08+00:00","dateModified":"2024-07-07T16:51:33+00:00","description":"Dobrodo\u0161li u ID line. Potra\u017eite svog partnera u digitalnom svijetu i postanite visoko vidljivi uz kreativna i u\u010dinkovita rje\u0161enja.","breadcrumb":{"@id":"https:\/\/idline.hr\/index.php\/o-nama\/#breadcrumb"},"inLanguage":"hr","potentialAction":[{"@type":"ReadAction","target":["https:\/\/idline.hr\/index.php\/o-nama\/"]}]},{"@type":"ImageObject","inLanguage":"hr","@id":"https:\/\/idline.hr\/index.php\/o-nama\/#primaryimage","url":"https:\/\/idline.hr\/wp-content\/uploads\/2023\/11\/icon-polaroid-blogger-2486501.png","contentUrl":"https:\/\/idline.hr\/wp-content\/uploads\/2023\/11\/icon-polaroid-blogger-2486501.png","width":1280,"height":640,"caption":"icon, polaroid, blogger-2486501.jpg"},{"@type":"BreadcrumbList","@id":"https:\/\/idline.hr\/index.php\/o-nama\/#breadcrumb","itemListElement":[{"@type":"ListItem","position":1,"name":"Po\u010detna stranica","item":"https:\/\/idline.hr\/"},{"@type":"ListItem","position":2,"name":"O nama"}]},{"@type":"WebSite","@id":"https:\/\/idline.hr\/#website","url":"https:\/\/idline.hr\/","name":"ID line","description":"ID line","publisher":{"@id":"https:\/\/idline.hr\/#organization"},"potentialAction":[{"@type":"SearchAction","target":{"@type":"EntryPoint","urlTemplate":"https:\/\/idline.hr\/?s={search_term_string}"},"query-input":{"@type":"PropertyValueSpecification","valueRequired":true,"valueName":"search_term_string"}}],"inLanguage":"hr"},{"@type":"Organization","@id":"https:\/\/idline.hr\/#organization","name":"ID line","url":"https:\/\/idline.hr\/","logo":{"@type":"ImageObject","inLanguage":"hr","@id":"https:\/\/idline.hr\/#\/schema\/logo\/image\/","url":"https:\/\/idline.hr\/wp-content\/uploads\/2023\/11\/IVANA.png","contentUrl":"https:\/\/idline.hr\/wp-content\/uploads\/2023\/11\/IVANA.png","width":500,"height":500,"caption":"ID line"},"image":{"@id":"https:\/\/idline.hr\/#\/schema\/logo\/image\/"}}]}},"uagb_featured_image_src":{"full":false,"thumbnail":false,"medium":false,"medium_large":false,"large":false,"1536x1536":false,"2048x2048":false},"uagb_author_info":{"display_name":"admin","author_link":"https:\/\/idline.hr\/index.php\/author\/admin_sun1ko3c\/"},"uagb_comment_info":0,"uagb_excerpt":"o nama Dobrodo\u0161li u ID line. Na\u0161a misija je pru\u017eanje kreativnih i u\u010dinkovitih digitalnih rje\u0161enja koja poma\u017eu na\u0161im klijentima da ostvare svoje profesionalne ciljeve. U ID line-u razumijemo da je digitalni marketing potreba, kao i da se digitalni prostor neprestano mijenja. Posve\u0107eni smo pra\u0107enju najnovijih trendova i tehnologija kako bismo na\u0161im klijentima pru\u017eili najnovija i&hellip;","_links":{"self":[{"href":"https:\/\/idline.hr\/index.php\/wp-json\/wp\/v2\/pages\/2004","targetHints":{"allow":["GET"]}}],"collection":[{"href":"https:\/\/idline.hr\/index.php\/wp-json\/wp\/v2\/pages"}],"about":[{"href":"https:\/\/idline.hr\/index.php\/wp-json\/wp\/v2\/types\/page"}],"author":[{"embeddable":true,"href":"https:\/\/idline.hr\/index.php\/wp-json\/wp\/v2\/users\/1"}],"replies":[{"embeddable":true,"href":"https:\/\/idline.hr\/index.php\/wp-json\/wp\/v2\/comments?post=2004"}],"version-history":[{"count":54,"href":"https:\/\/idline.hr\/index.php\/wp-json\/wp\/v2\/pages\/2004\/revisions"}],"predecessor-version":[{"id":2772,"href":"https:\/\/idline.hr\/index.php\/wp-json\/wp\/v2\/pages\/2004\/revisions\/2772"}],"wp:attachment":[{"href":"https:\/\/idline.hr\/index.php\/wp-json\/wp\/v2\/media?parent=2004"}],"curies":[{"name":"wp","href":"https:\/\/api.w.org\/{rel}","templated":true}]}}